{"id":746,"date":"2026-03-01T16:13:22","date_gmt":"2026-03-01T16:13:22","guid":{"rendered":"https:\/\/micodesign.pl\/?post_type=product&#038;p=746"},"modified":"2026-03-01T18:49:06","modified_gmt":"2026-03-01T18:49:06","slug":"obraz-azurowy-na-sciane-a3-8p","status":"publish","type":"product","link":"https:\/\/micodesign.pl\/?product=obraz-azurowy-na-sciane-a3-8p","title":{"rendered":"Obraz a\u017curowy na \u015bcian\u0119 &#8211; A3 8P"},"content":{"rendered":"<h2>Samoch\u00f3d na \u015bcian\u0119 do gara\u017cu<\/h2>\n<p>Nowoczesna i nietuzinkowa\u00a0<b>dekoracja\u00a0<\/b>na \u015bcian\u0119 doskonale wpasuje si\u0119 we wn\u0119trze ka\u017cdego gara\u017cu, kt\u00f3rego w\u0142a\u015bcicielem jes<b>t fan niemieckiej motoryzacji.\u00a0<\/b>Kultowe<strong> A3 8P<\/strong> b\u0119dzie stanowi\u0142 oryginaln\u0105 dekoracj\u0119, a ponadto <b>mo\u017ce by\u0107 ciekawym prezentem!<\/b><\/p>\n<p><b>\u2705 Wymiary: ok. 60 x 37 cm<\/b><\/p>\n<p><b>\u2705 \u0141atwy i szybki monta\u017c<\/b><\/p>\n<p><b>\u2705 100% POLSKA PRODUKCJA<\/b><\/p>\n<p>A\u017curowy obraz to\u00a0<b>ciekawe<\/b>, ale jednocze\u015bnie\u00a0<b>proste rozwi\u0105zanie<\/b>, kt\u00f3re zast\u0105pi pustk\u0119 na \u015bcianach gara\u017cu i nada im oryginalnego charakteru. Obraz\u00a0<b>LEON <\/b>doskonale sprawdzi si\u0119 r\u00f3wnie\u017c w pokoju fana motoryzacji.<\/p>\n<h1>Prezent dla ch\u0142opaka \/ m\u0119\u017ca<\/h1>\n<p>Obraz do gara\u017cu to nie tylko dekoracja, ale r\u00f3wnie\u017c pomys\u0142 na oryginalny\u00a0<b>prezent dla ch\u0142opaka\u00a0<\/b>lub m\u0119\u017ca. Zw\u0142aszcza je\u015bli wiesz, \u017ce interesuje si\u0119 on niemieck\u0105 motoryzacj\u0105, a by\u0107 mo\u017ce r\u00f3wnie\u017c jest posiadaczem kultowego A3 8P.<\/p>\n<p><b>\u2705 PROSTY I SZYBKI MONTA\u017b<\/b><\/p>\n<p>Do monta\u017cu obrazu mo\u017cesz wykorzysta\u0107 dwustronn\u0105 ta\u015bm\u0119 monta\u017cow\u0105 lub opcjonalnie klej monta\u017cowy. Nie potrzebujesz u\u017cywa\u0107 wi\u0119c \u017cadnych narz\u0119dzi!<\/p>\n<p><b>\u2705 NAJWY\u017bSZA JAKO\u015a\u0106 WYKONANIA<\/b><\/p>\n<p>Wszystkie sprzedawane przez nas dekoracje \u015bcienne wykonywane s\u0105 tylko i wy\u0142\u0105cznie u nas. Dzi\u0119ki temu mamy pod kontrol\u0105 ka\u017cdy proces ich produkcji &#8211; od projektu, przez wycinanie laserowe, a\u017c do bezpiecznego pakowania.<\/p>\n<div data-box-name=\"Description\" data-box-id=\"LUo64bt1RQOuwIphdVaomw==sx2lrxHNQUG4Wa7QQbUK8g==gbrCZxJ_RBSlSji1w8NOmA==\" data-prototype-id=\"allegro.showoffer.description\" data-prototype-version=\"0.8\" data-civ=\"e87\" data-analytics-enabled=\"\" data-analytics-category=\"allegro.showoffer.description\" data-analytics-groups=\"%5B%22allegro.oferta.base%22%2C%22showproduct.content%22%5D\" data-bklnicbhmrts=\"\">\n<div class=\"app-container\">\n<div class=\"mgn2_14 mp0t_0a mqu1_21 mli8_k4 mgmw_wo msts_pt _0d3bd_K6Qpj\">\n<div class=\"mpof_ki myre_zn myre_8v_l m389_6m_l\">\n<div class=\"mp4t_16_s mryx_16_s mr3m_1 mli2_1 mh85_56 mh85_0_l\">\n<div class=\"mgn2_16 _0d3bd_am0a-\">\n<h2>DEKORACJE \u015aCIENNE DOPASOWANE DO CIEBIE<\/h2>\n<p><b>\u2705 Precyzyjne wykonanie metod\u0105 wycinania laserowego<\/b><\/p>\n<p><b>\u2705 Wiele dost\u0119pnych wzor\u00f3w<\/b><\/p>\n<p><b>\u2705 Efekt 3D &#8211; p\u0142yta o gr. 3mm (NIE jest to naklejka foliowa!)<\/b><\/p>\n<p><b>\u2705 Lekki materia\u0142 i mo\u017cliwo\u015b\u0107 monta\u017cu na ta\u015bmie dwustronnej<\/b><\/p>\n<p><b>\u2705 Dok\u0142adnie opisane wymiary &#8211; zakup bez rozczarowa\u0144!<\/b><\/p>\n<\/div>\n<\/div>\n<\/div>\n<\/div>\n<\/div>\n<\/div>\n<div data-box-name=\"links divider\" data-box-id=\"LUo64bt1RQOuwIphdVaomw==sx2lrxHNQUG4Wa7QQbUK8g==Wg1Mx-nWR2-fEiRkuhNZdA==\" data-prototype-id=\"allegro.divider\" data-prototype-version=\"1.0\" data-civ=\"ac9\" data-analytics-enabled=\"\" data-analytics-category=\"allegro.divider\" data-analytics-groups=\"%5B%22allegro.oferta.base%22%2C%22showproduct.content%22%5D\" data-spqidjuoqmqp=\"\"><\/div>\n","protected":false},"excerpt":{"rendered":"<h2><\/h2>\n","protected":false},"featured_media":747,"comment_status":"open","ping_status":"closed","template":"","meta":[],"product_brand":[],"product_cat":[71],"product_tag":[],"class_list":{"0":"post-746","1":"product","2":"type-product","3":"status-publish","4":"has-post-thumbnail","6":"product_cat-dekoracjenasciane","8":"first","9":"instock","10":"shipping-taxable","11":"purchasable","12":"product-type-simple"},"_links":{"self":[{"href":"https:\/\/micodesign.pl\/index.php?rest_route=\/wp\/v2\/product\/746","targetHints":{"allow":["GET"]}}],"collection":[{"href":"https:\/\/micodesign.pl\/index.php?rest_route=\/wp\/v2\/product"}],"about":[{"href":"https:\/\/micodesign.pl\/index.php?rest_route=\/wp\/v2\/types\/product"}],"replies":[{"embeddable":true,"href":"https:\/\/micodesign.pl\/index.php?rest_route=%2Fwp%2Fv2%2Fcomments&post=746"}],"wp:featuredmedia":[{"embeddable":true,"href":"https:\/\/micodesign.pl\/index.php?rest_route=\/wp\/v2\/media\/747"}],"wp:attachment":[{"href":"https:\/\/micodesign.pl\/index.php?rest_route=%2Fwp%2Fv2%2Fmedia&parent=746"}],"wp:term":[{"taxonomy":"product_brand","embeddable":true,"href":"https:\/\/micodesign.pl\/index.php?rest_route=%2Fwp%2Fv2%2Fproduct_brand&post=746"},{"taxonomy":"product_cat","embeddable":true,"href":"https:\/\/micodesign.pl\/index.php?rest_route=%2Fwp%2Fv2%2Fproduct_cat&post=746"},{"taxonomy":"product_tag","embeddable":true,"href":"https:\/\/micodesign.pl\/index.php?rest_route=%2Fwp%2Fv2%2Fproduct_tag&post=746"}],"curies":[{"name":"wp","href":"https:\/\/api.w.org\/{rel}","templated":true}]}}