{"id":695,"date":"2026-03-01T15:32:41","date_gmt":"2026-03-01T15:32:41","guid":{"rendered":"https:\/\/micodesign.pl\/?post_type=product&#038;p=695"},"modified":"2026-03-01T15:33:49","modified_gmt":"2026-03-01T15:33:49","slug":"obraz-azurowy-na-sciane-gory-i-las","status":"publish","type":"product","link":"https:\/\/micodesign.pl\/?product=obraz-azurowy-na-sciane-gory-i-las","title":{"rendered":"Obraz a\u017curowy na \u015bcian\u0119 &#8211; G\u00d3RY I LAS"},"content":{"rendered":"<p><b>\u2705 Materia\u0142:\u00a0<\/b>lakierowana p\u0142yta HDF 3mm &#8211;\u00a0<b>czarna\u00a0<\/b>lub\u00a0<b>bia\u0142a<\/b><\/p>\n<p><b>\u2705 Wymiary \u0142\u0105czne:\u00a0<\/b>ok. 115 x 60 cm<\/p>\n<p><b>\u2705 \u0141atwy i szybki monta\u017c<\/b><\/p>\n<p><b>\u2705 100% POLSKA PRODUKCJA<\/b><\/p>\n<p>A\u017curowy obraz to\u00a0<b>ciekawe<\/b>, ale jednocze\u015bnie\u00a0<b>proste rozwi\u0105zanie<\/b>, kt\u00f3re zast\u0105pi pustk\u0119 na Twoich \u015bcianach i nada im oryginalnego charakteru.\u00a0<b>Mo\u017cliwo\u015b\u0107 wyboru koloru<\/b>\u00a0sprawia, \u017ce jeszcze \u0142atwiej dopasujesz go do swoich potrzeb.<\/p>\n<h1>Obraz a\u017curowy na \u015bcian\u0119 &#8211; G\u00d3RY<\/h1>\n<p>Jednym krokiem spraw, aby Twoje wn\u0119trze nabra\u0142o charakteru i z\u0142apa\u0142o nieco g\u00f3rskiego klimatu. Wykonany w pe\u0142ni w naszej firmie obraz sprawdzi si\u0119 tutaj idealnie.<\/p>\n<p><b>\u2705 PROSTY I SZYBKI MONTA\u017b<\/b><\/p>\n<p>Do monta\u017cu obrazu mo\u017cesz wykorzysta\u0107 dwustronn\u0105 ta\u015bm\u0119 monta\u017cow\u0105 lub opcjonalnie klej monta\u017cowy. Nie potrzebujesz u\u017cywa\u0107 wi\u0119c \u017cadnych narz\u0119dzi!<\/p>\n<p><b>\u2705 NAJWY\u017bSZA JAKO\u015a\u0106 WYKONANIA<\/b><\/p>\n<p>Wszystkie sprzedawane przez nas dekoracje \u015bcienne wykonywane s\u0105 tylko i wy\u0142\u0105cznie u nas. Dzi\u0119ki temu mamy pod kontrol\u0105 ka\u017cdy proces ich produkcji &#8211; od projektu, przez wycinanie laserowe, a\u017c do bezpiecznego pakowania.<\/p>\n<h2>DEKORACJE \u015aCIENNE DOPASOWANE DO CIEBIE<\/h2>\n<p><b>\u2705 Precyzyjne wykonanie metod\u0105 wycinania laserowego<\/b><\/p>\n<p><b>\u2705 Wiele dost\u0119pnych wzor\u00f3w<\/b><\/p>\n<p><b>\u2705 Efekt 3D &#8211; p\u0142yta o gr. 3mm (NIE jest to naklejka foliowa!)<\/b><\/p>\n<p><b>\u2705 Lekki materia\u0142 i mo\u017cliwo\u015b\u0107 monta\u017cu na ta\u015bmie dwustronnej<\/b><\/p>\n<p><b>\u2705 Dok\u0142adnie opisane wymiary &#8211; zakup bez rozczarowa\u0144!<\/b><\/p>\n","protected":false},"excerpt":{"rendered":"<h2>Dekoracja na \u015bcian\u0119 do salonu<\/h2>\n<p>Nowoczesna i nietuzinkowa\u00a0<b>dekoracja\u00a0<\/b>na \u015bcian\u0119 doskonale wpasuje si\u0119 w niemal ka\u017cde wn\u0119trze. Obraz w postaci tryptyku, a wi\u0119c sk\u0142adaj\u0105cy si\u0119 z trzech cz\u0119\u015bci prezentuje\u00a0<b>g\u00f3rski krajobraz<\/b>.<\/p>\n","protected":false},"featured_media":701,"comment_status":"open","ping_status":"closed","template":"","meta":[],"product_brand":[],"product_cat":[71],"product_tag":[],"class_list":{"0":"post-695","1":"product","2":"type-product","3":"status-publish","4":"has-post-thumbnail","6":"product_cat-dekoracjenasciane","8":"first","9":"instock","10":"shipping-taxable","11":"purchasable","12":"product-type-simple"},"_links":{"self":[{"href":"https:\/\/micodesign.pl\/index.php?rest_route=\/wp\/v2\/product\/695","targetHints":{"allow":["GET"]}}],"collection":[{"href":"https:\/\/micodesign.pl\/index.php?rest_route=\/wp\/v2\/product"}],"about":[{"href":"https:\/\/micodesign.pl\/index.php?rest_route=\/wp\/v2\/types\/product"}],"replies":[{"embeddable":true,"href":"https:\/\/micodesign.pl\/index.php?rest_route=%2Fwp%2Fv2%2Fcomments&post=695"}],"wp:featuredmedia":[{"embeddable":true,"href":"https:\/\/micodesign.pl\/index.php?rest_route=\/wp\/v2\/media\/701"}],"wp:attachment":[{"href":"https:\/\/micodesign.pl\/index.php?rest_route=%2Fwp%2Fv2%2Fmedia&parent=695"}],"wp:term":[{"taxonomy":"product_brand","embeddable":true,"href":"https:\/\/micodesign.pl\/index.php?rest_route=%2Fwp%2Fv2%2Fproduct_brand&post=695"},{"taxonomy":"product_cat","embeddable":true,"href":"https:\/\/micodesign.pl\/index.php?rest_route=%2Fwp%2Fv2%2Fproduct_cat&post=695"},{"taxonomy":"product_tag","embeddable":true,"href":"https:\/\/micodesign.pl\/index.php?rest_route=%2Fwp%2Fv2%2Fproduct_tag&post=695"}],"curies":[{"name":"wp","href":"https:\/\/api.w.org\/{rel}","templated":true}]}}