{"id":654,"date":"2026-02-22T10:57:41","date_gmt":"2026-02-22T10:57:41","guid":{"rendered":"https:\/\/micodesign.pl\/?post_type=product&#038;p=654"},"modified":"2026-02-22T10:57:41","modified_gmt":"2026-02-22T10:57:41","slug":"napis-na-scianke-dzien-kobiet","status":"publish","type":"product","link":"https:\/\/micodesign.pl\/?product=napis-na-scianke-dzien-kobiet","title":{"rendered":"Napis na \u015bciank\u0119 Dzie\u0144 Kobiet"},"content":{"rendered":"<p>Napis na \u015bciank\u0119 <strong>Dzie\u0144 Kobiet\u00a0<\/strong>to wspania\u0142a i oryginalna dekoracja wykonana w 100% w naszej firmie. Po\u0142\u0105czenie najwy\u017cszej jako\u015bci lakierowanej p\u0142yty HDF, wraz ze sklejk\u0105 brzozow\u0105 oraz r\u0119cznym dopasowaniem detali.<\/p>\n<p><strong>Precyzja<\/strong> wycinania laserowego, r\u0119czne malowanie, wraz z r\u0119cznym klejeniem daj\u0105 <strong>gwarancj\u0119<\/strong> najwy\u017cszej jako\u015bci wykonania.<\/p>\n<p><b><span class=\"x1xsqp64 xiy17q3 x1o6pynw x19co3pv xdj266r xjn30re xat24cr x1hb08if x2b8uid\" data-testid=\"emoji\"><span class=\"xexx8yu xcaqkgz x18d9i69 xbwkkl7 x3jgonx x1bhl96m\"><img decoding=\"async\" class=\"emoji\" role=\"img\" draggable=\"false\" src=\"https:\/\/s.w.org\/images\/core\/emoji\/16.0.1\/svg\/2705.svg\" alt=\"\u2705\" \/> Materia\u0142: <\/span><\/span><\/b><span class=\"x1xsqp64 xiy17q3 x1o6pynw x19co3pv xdj266r xjn30re xat24cr x1hb08if x2b8uid\" data-testid=\"emoji\"><span class=\"xexx8yu xcaqkgz x18d9i69 xbwkkl7 x3jgonx x1bhl96m\">lakierowana p\u0142yta HDF + sklejka brzozowa\u00a0<\/span><\/span><\/p>\n<p><b><span class=\"x1xsqp64 xiy17q3 x1o6pynw x19co3pv xdj266r xjn30re xat24cr x1hb08if x2b8uid\" data-testid=\"emoji\"><span class=\"xexx8yu xcaqkgz x18d9i69 xbwkkl7 x3jgonx x1bhl96m\"><img decoding=\"async\" class=\"emoji\" role=\"img\" draggable=\"false\" src=\"https:\/\/s.w.org\/images\/core\/emoji\/16.0.1\/svg\/2705.svg\" alt=\"\u2705\" \/> Otwory do zawieszenia napisu\u00a0<\/span><\/span><\/b><\/p>\n<p><b><span class=\"x1xsqp64 xiy17q3 x1o6pynw x19co3pv xdj266r xjn30re xat24cr x1hb08if x2b8uid\" data-testid=\"emoji\"><span class=\"xexx8yu xcaqkgz x18d9i69 xbwkkl7 x3jgonx x1bhl96m\"><img decoding=\"async\" class=\"emoji\" role=\"img\" draggable=\"false\" src=\"https:\/\/s.w.org\/images\/core\/emoji\/16.0.1\/svg\/2705.svg\" alt=\"\u2705\" \/> Wymiary do wyboru:<\/span><\/span><\/b><span class=\"x1xsqp64 xiy17q3 x1o6pynw x19co3pv xdj266r xjn30re xat24cr x1hb08if x2b8uid\" data-testid=\"emoji\"><span class=\"xexx8yu xcaqkgz x18d9i69 xbwkkl7 x3jgonx x1bhl96m\"> 60 x 40 lub 90 x 60 cm<\/span><\/span><\/p>\n<div>Napis idealnie sprawdzi si\u0119 jako dekoracja z okazji Dnia Kobiet w lokalach us\u0142ugowych, restauracjach, klubach czy podczas imprez okoliczno\u015bciowych.<\/div>\n","protected":false},"excerpt":{"rendered":"<p>Napis na \u015bciank\u0119<strong> Dzie\u0144 Kobiet<\/strong> w przepi\u0119knej, bia\u0142o-czerwonej kolorystyce doskonale sprawdzi si\u0119 jako dekoracja na wydarzeniu w Twoim lokalu.<\/p>\n<p>Ka\u017cdy napis wykonywany jest w <strong>100% w naszej firmie.<\/strong><\/p>\n<p><em><strong>WA\u017bNE!<\/strong> Napisy o wi\u0119kszych wymiarach wysy\u0142amy tylko kurierem ze wzgl\u0119du na rozmiar.\u00a0<\/em><\/p>\n","protected":false},"featured_media":655,"comment_status":"open","ping_status":"closed","template":"","meta":[],"product_brand":[],"product_cat":[70,45],"product_tag":[],"class_list":{"0":"post-654","1":"product","2":"type-product","3":"status-publish","4":"has-post-thumbnail","6":"product_cat-napisy","7":"product_cat-okazjonalne","9":"first","10":"instock","11":"sale","12":"shipping-taxable","13":"purchasable","14":"product-type-variable"},"_links":{"self":[{"href":"https:\/\/micodesign.pl\/index.php?rest_route=\/wp\/v2\/product\/654","targetHints":{"allow":["GET"]}}],"collection":[{"href":"https:\/\/micodesign.pl\/index.php?rest_route=\/wp\/v2\/product"}],"about":[{"href":"https:\/\/micodesign.pl\/index.php?rest_route=\/wp\/v2\/types\/product"}],"replies":[{"embeddable":true,"href":"https:\/\/micodesign.pl\/index.php?rest_route=%2Fwp%2Fv2%2Fcomments&post=654"}],"wp:featuredmedia":[{"embeddable":true,"href":"https:\/\/micodesign.pl\/index.php?rest_route=\/wp\/v2\/media\/655"}],"wp:attachment":[{"href":"https:\/\/micodesign.pl\/index.php?rest_route=%2Fwp%2Fv2%2Fmedia&parent=654"}],"wp:term":[{"taxonomy":"product_brand","embeddable":true,"href":"https:\/\/micodesign.pl\/index.php?rest_route=%2Fwp%2Fv2%2Fproduct_brand&post=654"},{"taxonomy":"product_cat","embeddable":true,"href":"https:\/\/micodesign.pl\/index.php?rest_route=%2Fwp%2Fv2%2Fproduct_cat&post=654"},{"taxonomy":"product_tag","embeddable":true,"href":"https:\/\/micodesign.pl\/index.php?rest_route=%2Fwp%2Fv2%2Fproduct_tag&post=654"}],"curies":[{"name":"wp","href":"https:\/\/api.w.org\/{rel}","templated":true}]}}