{"id":648,"date":"2026-02-22T08:23:31","date_gmt":"2026-02-22T08:23:31","guid":{"rendered":"https:\/\/micodesign.pl\/?post_type=product&#038;p=648"},"modified":"2026-02-22T08:38:58","modified_gmt":"2026-02-22T08:38:58","slug":"napis-neon-led-witajcie-w-naszej-bajce","status":"publish","type":"product","link":"https:\/\/micodesign.pl\/?product=napis-neon-led-witajcie-w-naszej-bajce","title":{"rendered":"Napis neon LED &#8211; Witajcie w naszej bajce"},"content":{"rendered":"<p>\u015acianka do zdj\u0119\u0107 to niemal\u017ce obowi\u0105zkowy element dekoracyjny na ka\u017cdej imprezie. Napis<strong> neon LED<\/strong> Witajcie w naszej bajce to doskona\u0142a forma unowocze\u015bnienia \u015bcianki zdj\u0119ciowej lub miejsca za sto\u0142em Pa\u0144stwa M\u0142odych. Neon LED posiada kompaktowe wymiary oraz zosta\u0142 wykonany na bazie przezroczystego szk\u0142a akrylowego (tzw. plexi).<\/p>\n<p><b><span class=\"x1xsqp64 xiy17q3 x1o6pynw x19co3pv xdj266r xjn30re xat24cr x1hb08if x2b8uid\" data-testid=\"emoji\"><span class=\"xexx8yu xcaqkgz x18d9i69 xbwkkl7 x3jgonx x1bhl96m\"><img decoding=\"async\" class=\"emoji\" role=\"img\" draggable=\"false\" src=\"https:\/\/s.w.org\/images\/core\/emoji\/16.0.1\/svg\/2705.svg\" alt=\"\u2705\" \/> Wymiary: ok. 50 x 23 cm<\/span><\/span><\/b><\/p>\n<p><b><span class=\"x1xsqp64 xiy17q3 x1o6pynw x19co3pv xdj266r xjn30re xat24cr x1hb08if x2b8uid\" data-testid=\"emoji\"><span class=\"xexx8yu xcaqkgz x18d9i69 xbwkkl7 x3jgonx x1bhl96m\"><img decoding=\"async\" class=\"emoji\" role=\"img\" draggable=\"false\" src=\"https:\/\/s.w.org\/images\/core\/emoji\/16.0.1\/svg\/2705.svg\" alt=\"\u2705\" \/> Zasilanie przez kabel USB, wraz z w\u0142\u0105cznikiem\u00a0<\/span><\/span><\/b><\/p>\n<p><b><span class=\"x1xsqp64 xiy17q3 x1o6pynw x19co3pv xdj266r xjn30re xat24cr x1hb08if x2b8uid\" data-testid=\"emoji\"><span class=\"xexx8yu xcaqkgz x18d9i69 xbwkkl7 x3jgonx x1bhl96m\"><img decoding=\"async\" class=\"emoji\" role=\"img\" draggable=\"false\" src=\"https:\/\/s.w.org\/images\/core\/emoji\/16.0.1\/svg\/2705.svg\" alt=\"\u2705\" \/> D\u0142ugo\u015b\u0107 przewodu zasilaj\u0105cego: ok. 1,8m\u00a0<\/span><\/span><\/b><\/p>\n<p><b><span class=\"x1xsqp64 xiy17q3 x1o6pynw x19co3pv xdj266r xjn30re xat24cr x1hb08if x2b8uid\" data-testid=\"emoji\"><span class=\"xexx8yu xcaqkgz x18d9i69 xbwkkl7 x3jgonx x1bhl96m\"><img decoding=\"async\" class=\"emoji\" role=\"img\" draggable=\"false\" src=\"https:\/\/s.w.org\/images\/core\/emoji\/16.0.1\/svg\/2705.svg\" alt=\"\u2705\" \/> Napis LED posiada otwory do zawieszenia\u00a0<\/span><\/span><\/b><\/p>\n<p>Neon LED charakteryzuje si\u0119 jednolitym, mocnym \u015bwiat\u0142em o bia\u0142ej,<strong> zimnej barwie.<\/strong><\/p>\n","protected":false},"excerpt":{"rendered":"<p>Neon LED <strong>Happy Birthday<\/strong> o kompaktowych wymiarach doskonale sprawdzi si\u0119 zar\u00f3wno na \u015bciank\u0119 zdj\u0119ciow\u0105, jak i element dekoracji na domowej imprezie urodzinowej. Napis LED zasilany jest przez przew\u00f3d USB.<\/p>\n","protected":false},"featured_media":649,"comment_status":"open","ping_status":"closed","template":"","meta":[],"product_brand":[],"product_cat":[70,45],"product_tag":[],"class_list":{"0":"post-648","1":"product","2":"type-product","3":"status-publish","4":"has-post-thumbnail","6":"product_cat-napisy","7":"product_cat-okazjonalne","9":"first","10":"instock","11":"sale","12":"shipping-taxable","13":"purchasable","14":"product-type-simple"},"_links":{"self":[{"href":"https:\/\/micodesign.pl\/index.php?rest_route=\/wp\/v2\/product\/648","targetHints":{"allow":["GET"]}}],"collection":[{"href":"https:\/\/micodesign.pl\/index.php?rest_route=\/wp\/v2\/product"}],"about":[{"href":"https:\/\/micodesign.pl\/index.php?rest_route=\/wp\/v2\/types\/product"}],"replies":[{"embeddable":true,"href":"https:\/\/micodesign.pl\/index.php?rest_route=%2Fwp%2Fv2%2Fcomments&post=648"}],"wp:featuredmedia":[{"embeddable":true,"href":"https:\/\/micodesign.pl\/index.php?rest_route=\/wp\/v2\/media\/649"}],"wp:attachment":[{"href":"https:\/\/micodesign.pl\/index.php?rest_route=%2Fwp%2Fv2%2Fmedia&parent=648"}],"wp:term":[{"taxonomy":"product_brand","embeddable":true,"href":"https:\/\/micodesign.pl\/index.php?rest_route=%2Fwp%2Fv2%2Fproduct_brand&post=648"},{"taxonomy":"product_cat","embeddable":true,"href":"https:\/\/micodesign.pl\/index.php?rest_route=%2Fwp%2Fv2%2Fproduct_cat&post=648"},{"taxonomy":"product_tag","embeddable":true,"href":"https:\/\/micodesign.pl\/index.php?rest_route=%2Fwp%2Fv2%2Fproduct_tag&post=648"}],"curies":[{"name":"wp","href":"https:\/\/api.w.org\/{rel}","templated":true}]}}