{"id":617,"date":"2026-02-20T20:35:26","date_gmt":"2026-02-20T20:35:26","guid":{"rendered":"https:\/\/micodesign.pl\/?post_type=product&#038;p=617"},"modified":"2026-02-20T20:54:31","modified_gmt":"2026-02-20T20:54:31","slug":"magnes-podziekowanie-komunia","status":"publish","type":"product","link":"https:\/\/micodesign.pl\/?product=magnes-podziekowanie-komunia","title":{"rendered":"Magnes &#8211; podzi\u0119kowanie Komunia"},"content":{"rendered":"<h2>MAGNES &#8211; PODZI\u0118KOWANIE DLA GO\u015aCI<\/h2>\n<p><b>O GRUBO\u015aCI 3MM &#8211; estetyczne i wyj\u0105tkowe!<\/b><\/p>\n<p>Poszukujesz oryginalnych podzi\u0119kowa\u0144 dla go\u015bci komunijnych, kt\u00f3re zachwyc\u0105 swoim urokiem? Nie mog\u0142e\u015b lepiej trafi\u0107! Podzi\u0119kowania dla go\u015bci wykonane z wysokiej jako\u015bci, lakierowanej p\u0142yty HDF, wraz z personalizowanym nadrukiem to nowo\u015b\u0107 na rynku komunijnym!<\/p>\n<p><b><img decoding=\"async\" class=\"emoji\" role=\"img\" draggable=\"false\" src=\"https:\/\/s.w.org\/images\/core\/emoji\/16.0.1\/svg\/1f538.svg\" alt=\"\ud83d\udd38\" \/>\u00a0Szeroko\u015b\u0107:\u00a0<\/b>ok. 7cm<\/p>\n<p><b><img decoding=\"async\" class=\"emoji\" role=\"img\" draggable=\"false\" src=\"https:\/\/s.w.org\/images\/core\/emoji\/16.0.1\/svg\/1f538.svg\" alt=\"\ud83d\udd38\" \/> Materia\u0142:\u00a0 <\/b>lakierowana p\u0142yta HDF<\/p>\n<p>Ka\u017cdy magnes posiada imi\u0119 dziecka, dat\u0119 oraz kr\u00f3tk\u0105 tre\u015b\u0107 podzi\u0119kowania.\u00a0<b>Tre\u015b\u0107 oczywi\u015bcie podlega personalizacji.<\/b><\/p>\n<h2>Wyj\u0105tkowe magnesy na Komuni\u0119<\/h2>\n<p>Nasze magnesy wyr\u00f3\u017cniaj\u0105 si\u0119 spo\u015br\u00f3d konkurencyjnych produkt\u00f3w przede wszystkim materia\u0142em.<b>\u00a0Nie jest to papier, ani karton&#8230;\u00a0<\/b>ale dwustronnie lakierowana p\u0142yta HDF. Taki materia\u0142 jest trwa\u0142y, a dzi\u0119ki technologii\u00a0<b>druku UV<\/b>\u00a0ca\u0142o\u015b\u0107 zyskuje naprawd\u0119 oryginalnego charakteru.<\/p>\n<h2>100% POLSKI PRODUKT | WYSOKA JAKO\u015a\u0106<\/h2>\n<h1>MAGNESY DLA GO\u015aCI<\/h1>\n<p>Podzi\u0119kowanie dla go\u015bci w dniu Pierwszej Komunii \u015awi\u0119tej to nowoczesna i elegancka mo\u017cliwo\u015b\u0107<b>\u00a0zaskoczenia swoich go\u015bci!<\/b>\u00a0Kszta\u0142t serca, forma magnesu oraz trwa\u0142y nadruk UV sprawiaj\u0105, \u017ce b\u0119dzie to naprawd\u0119\u00a0<b>wyj\u0105tkowa pami\u0105tka.<\/b><\/p>\n<p><b>TRE\u015a\u0106 NA SERDUSZKU MO\u017bE BY\u0106 DOWOLNA<\/b><\/p>\n<p>Standardowe podzi\u0119kowanie jest widoczne na zdj\u0119ciu, ale mo\u017cesz r\u00f3wnie\u017c napisa\u0107 dowolny, w\u0142asny tekst, kt\u00f3ry znajdzie si\u0119 w tym miejscu.<\/p>\n<p><b>MINIMALNA ILO\u015a\u0106 DO ZAM\u00d3WIENIA TO 5 SZT<\/b><\/p>\n<p>Magnes komunijny to doskona\u0142a forma\u00a0<b>pami\u0105tki\u00a0<\/b>i\u00a0<b>podzi\u0119kowania\u00a0<\/b>dla go\u015bci w tak wa\u017cnym dniu, jakim jest dzie\u0144 Pierwszej Komunii \u015awi\u0119tej. Takie pami\u0105tki\u00a0<b>zostaj\u0105 z Go\u015b\u0107mi\u00a0<\/b>na d\u0142ugi czas, dlatego wa\u017cne jest, \u017ceby by\u0142y\u00a0<b>trwa\u0142e i estetyczne.<\/b><\/p>\n","protected":false},"excerpt":{"rendered":"<p>Personalizowane magnesy komunijne w nowoczesnym wydaniu to prawdziwy <strong>HIT<\/strong> tego roku! Produkt wykonany z wysokiej jako\u015bci, <strong>lakierowanej p\u0142yty o gr. 3mm<\/strong>, wraz z nadrukiem <strong>UV<\/strong>.<\/p>\n","protected":false},"featured_media":618,"comment_status":"open","ping_status":"closed","template":"","meta":[],"product_brand":[],"product_cat":[68,45],"product_tag":[],"class_list":{"0":"post-617","1":"product","2":"type-product","3":"status-publish","4":"has-post-thumbnail","6":"product_cat-komunia","7":"product_cat-okazjonalne","9":"first","10":"instock","11":"sale","12":"shipping-taxable","13":"purchasable","14":"product-type-simple"},"_links":{"self":[{"href":"https:\/\/micodesign.pl\/index.php?rest_route=\/wp\/v2\/product\/617","targetHints":{"allow":["GET"]}}],"collection":[{"href":"https:\/\/micodesign.pl\/index.php?rest_route=\/wp\/v2\/product"}],"about":[{"href":"https:\/\/micodesign.pl\/index.php?rest_route=\/wp\/v2\/types\/product"}],"replies":[{"embeddable":true,"href":"https:\/\/micodesign.pl\/index.php?rest_route=%2Fwp%2Fv2%2Fcomments&post=617"}],"wp:featuredmedia":[{"embeddable":true,"href":"https:\/\/micodesign.pl\/index.php?rest_route=\/wp\/v2\/media\/618"}],"wp:attachment":[{"href":"https:\/\/micodesign.pl\/index.php?rest_route=%2Fwp%2Fv2%2Fmedia&parent=617"}],"wp:term":[{"taxonomy":"product_brand","embeddable":true,"href":"https:\/\/micodesign.pl\/index.php?rest_route=%2Fwp%2Fv2%2Fproduct_brand&post=617"},{"taxonomy":"product_cat","embeddable":true,"href":"https:\/\/micodesign.pl\/index.php?rest_route=%2Fwp%2Fv2%2Fproduct_cat&post=617"},{"taxonomy":"product_tag","embeddable":true,"href":"https:\/\/micodesign.pl\/index.php?rest_route=%2Fwp%2Fv2%2Fproduct_tag&post=617"}],"curies":[{"name":"wp","href":"https:\/\/api.w.org\/{rel}","templated":true}]}}