{"id":566,"date":"2026-02-17T09:56:36","date_gmt":"2026-02-17T09:56:36","guid":{"rendered":"https:\/\/micodesign.pl\/?post_type=product&#038;p=566"},"modified":"2026-02-20T20:56:40","modified_gmt":"2026-02-20T20:56:40","slug":"kolo-na-scianke-pierwsza-komunia-swieta","status":"publish","type":"product","link":"https:\/\/micodesign.pl\/?product=kolo-na-scianke-pierwsza-komunia-swieta","title":{"rendered":"Ko\u0142o na \u015bciank\u0119 &#8211; Chrzest \/ Komunia \/ Urodziny"},"content":{"rendered":"<p>Przepi\u0119kne ko\u0142o ze szk\u0142a akrylowego, wraz z Twoim dowolnym napisem to doskona\u0142a dekoracja, kt\u00f3ra u\u015bwietni ka\u017cde, komunijne przyj\u0119cie.<\/p>\n<p>Nowoczesna stylistyka, dopracowanie szczeg\u00f3\u0142\u00f3w oraz mo\u017cliwo\u015b\u0107 personalizacji to co\u015b co nas wyr\u00f3\u017cnia!<\/p>\n<p><b>\u015arednica do wyboru: 30 \/ 40 \/ 50 cm<\/b><\/p>\n<p><b>Materia\u0142:<\/b><\/p>\n<ul>\n<li><b>szk\u0142o akrylowe 3mm &#8211; bia\u0142y po\u0142ysk<\/b><\/li>\n<li><b>napisy &#8211; szk\u0142o akrylowe z\u0142ote z efektem lustrzanym<\/b><\/li>\n<\/ul>\n<h2>BEZPO\u015aREDNIO OD POLSKIEGO PRODUCENTA<\/h2>\n<p>Ka\u017cde ko\u0142o wykonywane jest od podstaw w naszej firmie.<\/p>\n<h1>UWAGA! NIE JEST TO \u017bADNA P\u0141YTA HDF &#8211; TYLKO SZK\u0141O AKRYLOWE<\/h1>\n<p>To zdecydowana r\u00f3\u017cnica! P\u0142yty HDF, zwane r\u00f3wnie\u017c p\u0142ytami pil\u015bniowymi to materia\u0142 u\u017cywany np. jako ty\u0142y do mebli czy szaf. Jest gi\u0119tki, matowy i posiada widoczn\u0105 struktur\u0119. Nasze ko\u0142a wykonujemy z najwy\u017cszej jako\u015bci szk\u0142a akrylowego &#8211; to zupe\u0142nie inny materia\u0142! Jest wytrzyma\u0142y, ma pi\u0119kny po\u0142ysk oraz g\u0142adk\u0105 powierzchni\u0119. Ko\u0142o jest sztywne i przepi\u0119knie si\u0119 prezentuje. Oczywi\u015bci materia\u0142 ma zdecydowany wp\u0142yw na cen\u0119 produktu, dlatego je\u015bli poszukujesz dekoracji najwy\u017cszej jako\u015bci to wyb\u00f3r jest prosty!<\/p>\n<h2>DLACZEGO NASZE KO\u0141O NA \u015aCIANK\u0118?<\/h2>\n<ul>\n<li><b>WYSOKA JAKO\u015a\u0106\u00a0<\/b>&#8211; ka\u017cdy produkt wykonywany jest u nas od projektu, przez wycinanie laserowe, szlifowanie oraz monta\u017c. Samodzielne wykonanie wszystkich proces\u00f3w jest gwarancj\u0105 jako\u015bci.<\/li>\n<li><b>PERSONALIZACJA\u00a0<\/b>&#8211; personalizacja w postaci napisu z imieniem sprawia, \u017ce produkt jest wyj\u0105tkowy i indywidualnie dopasowany do ka\u017cdej uroczysto\u015bci.<\/li>\n<li><b>BEZPIECZNE PAKOWANIE<\/b>\u00a0&#8211; ka\u017cdy produkt jest odpowiednio zabezpieczony w transporcie, tak aby dotar\u0142 w ca\u0142o\u015bci.<\/li>\n<li><b>R\u0118CZNE DOPRACOWANE DETALE\u00a0<\/b>&#8211; po procesie wycinania laserowego na ka\u017cde ko\u0142o r\u0119cznie naklejamy napisy. To bardzo pracoch\u0142onny proces, wymagaj\u0105cy ogromnego skupienia!<\/li>\n<li><b>NIESAMOWITY EFEKT LUSTRZANY\u00a0<\/b>&#8211;\u00a0 napisy wykonanr ze szk\u0142a akrylowego o niezwyk\u0142ym efekcie z\u0142otego lustra.<\/li>\n<li><b>SZK\u0141O AKRYLOWE 3MM<\/b>\u00a0&#8211; trwa\u0142y i estetyczny materia\u0142, kt\u00f3ry po w\u0142asnej uroczysto\u015bci spokojnie pos\u0142u\u017cy\u0107 mo\u017ce przez wiele innych. Nie jest to s\u0142aba pil\u015bnia!<\/li>\n<\/ul>\n<h1>\u0141ATWY I SZYBKI MONTA\u017b<\/h1>\n<p>Ka\u017cde ko\u0142o posiada przygotowane niewielkie otwory, dzi\u0119ki kt\u00f3rym \u0142atwo i szybko mo\u017cna go zamontowa\u0107 np. na \u015bciance. Dzi\u0119ki \u015brednicy a\u017c 50cm ko\u0142o jest bardzo widoczne i daje naprawd\u0119 niesamowity efekt.<\/p>\n<h1>100% POLSKA PRODUKCJA<\/h1>\n<p>Nasze produkty \u015bmia\u0142o mo\u017cna okre\u015bli\u0107 mianem r\u0119kodzie\u0142a. Cho\u0107 same napisy wycinane s\u0105 laserowo to ca\u0142y proces ich klejenia nast\u0119puje r\u0119cznie. Wymagana jest tutaj ogromna precyzja tak, aby ca\u0142o\u015b\u0107 by\u0142a r\u00f3wna i estetyczna!<\/p>\n<h1>NAJWY\u017bSZA JAKO\u015a\u0106<\/h1>\n","protected":false},"excerpt":{"rendered":"<h3>KO\u0141O NA \u015aCIANK\u0118 z Twoim DOWOLNYM napisem<\/h3>\n<p>Nowoczesna stylistyka, dopracowanie szczeg\u00f3\u0142\u00f3w oraz mo\u017cliwo\u015b\u0107 personalizacji to co\u015b co nas wyr\u00f3\u017cnia!<\/p>\n<p><strong>Ko\u0142a o \u015brednicy 40 i 50cm wysy\u0142ane tylko i wy\u0142\u0105cznie kurierem pod adres lub do punktu odbioru.<\/strong><\/p>\n","protected":false},"featured_media":576,"comment_status":"open","ping_status":"closed","template":"","meta":[],"product_brand":[],"product_cat":[68,45],"product_tag":[],"class_list":{"0":"post-566","1":"product","2":"type-product","3":"status-publish","4":"has-post-thumbnail","6":"product_cat-komunia","7":"product_cat-okazjonalne","9":"first","10":"instock","11":"sale","12":"shipping-taxable","13":"purchasable","14":"product-type-variable"},"_links":{"self":[{"href":"https:\/\/micodesign.pl\/index.php?rest_route=\/wp\/v2\/product\/566","targetHints":{"allow":["GET"]}}],"collection":[{"href":"https:\/\/micodesign.pl\/index.php?rest_route=\/wp\/v2\/product"}],"about":[{"href":"https:\/\/micodesign.pl\/index.php?rest_route=\/wp\/v2\/types\/product"}],"replies":[{"embeddable":true,"href":"https:\/\/micodesign.pl\/index.php?rest_route=%2Fwp%2Fv2%2Fcomments&post=566"}],"wp:featuredmedia":[{"embeddable":true,"href":"https:\/\/micodesign.pl\/index.php?rest_route=\/wp\/v2\/media\/576"}],"wp:attachment":[{"href":"https:\/\/micodesign.pl\/index.php?rest_route=%2Fwp%2Fv2%2Fmedia&parent=566"}],"wp:term":[{"taxonomy":"product_brand","embeddable":true,"href":"https:\/\/micodesign.pl\/index.php?rest_route=%2Fwp%2Fv2%2Fproduct_brand&post=566"},{"taxonomy":"product_cat","embeddable":true,"href":"https:\/\/micodesign.pl\/index.php?rest_route=%2Fwp%2Fv2%2Fproduct_cat&post=566"},{"taxonomy":"product_tag","embeddable":true,"href":"https:\/\/micodesign.pl\/index.php?rest_route=%2Fwp%2Fv2%2Fproduct_tag&post=566"}],"curies":[{"name":"wp","href":"https:\/\/api.w.org\/{rel}","templated":true}]}}