{"id":555,"date":"2026-02-17T09:47:53","date_gmt":"2026-02-17T09:47:53","guid":{"rendered":"https:\/\/micodesign.pl\/?post_type=product&#038;p=555"},"modified":"2026-02-21T08:59:53","modified_gmt":"2026-02-21T08:59:53","slug":"pudelko-koperta-prezent-na-komunie","status":"publish","type":"product","link":"https:\/\/micodesign.pl\/?product=pudelko-koperta-prezent-na-komunie","title":{"rendered":"Pude\u0142ko Koperta &#8211; Prezent na Komuni\u0119"},"content":{"rendered":"<h1>PUDE\u0141KO KOPERTA NA KOMUNI\u0118<\/h1>\n<h2>WYJ\u0104TKOWA PAMI\u0104TKA I PREZENT W JEDNYM<\/h2>\n<p>Eleganckie i funkcjonalne pude\u0142ko &#8211; koperta na pieni\u0105dze to doskona\u0142a forma zapakowania podarunku. Innowacyjna wersja koperty przepi\u0119knie si\u0119 prezentuje i z pewno\u015bci\u0105 zwr\u00f3ci na siebie uwag\u0119.<\/p>\n<p><b><span class=\"x1xsqp64 xiy17q3 x1o6pynw x19co3pv xdj266r xjn30re xat24cr x1hb08if x2b8uid\" data-testid=\"emoji\"><span class=\"xexx8yu xcaqkgz x18d9i69 xbwkkl7 x3jgonx x1bhl96m\">\u2705 <\/span><\/span>Wymiary zewn\u0119trzne:<\/b> 17 x 9,5 cm<\/p>\n<p><b><span class=\"x1xsqp64 xiy17q3 x1o6pynw x19co3pv xdj266r xjn30re xat24cr x1hb08if x2b8uid\" data-testid=\"emoji\"><span class=\"xexx8yu xcaqkgz x18d9i69 xbwkkl7 x3jgonx x1bhl96m\">\u2705 <\/span><\/span>Wysoko\u015b\u0107:<\/b>\u00a0 2 cm<\/p>\n<p>Do wykonania koperty u\u017cyto najwy\u017cszej jako\u015bci materia\u0142\u00f3w, takich jak sklejka brzozowa oraz szk\u0142o akrylowe. Takie po\u0142\u0105czenie da\u0142o niesamowity efekt, kt\u00f3ry od razu rzuca si\u0119 w oczy.<\/p>\n<h2>BEZPO\u015aREDNIO OD POLSKIEGO PRODUCENTA<\/h2>\n<p>Ka\u017cda koperta na pieni\u0105dze zosta\u0142a wykonana w 100% w naszej firmie.<\/p>\n<p><b>Pude\u0142ko opr\u00f3cz banknot\u00f3w mo\u017ce zmie\u015bci\u0107 np. kart\u0119 podarunkow\u0105, voucher, zdrapki czy losy na loterie.<\/b><\/p>\n<h2>DLACZEGO W\u0141A\u015aNIE NASZE PREZENTY?<\/h2>\n<ul>\n<li><b>WYSOKA JAKO\u015a\u0106\u00a0<\/b>&#8211; ka\u017cdy produkt wykonywany jest u nas od projektu, przez wycinanie laserowe, szlifowanie oraz monta\u017c. Samodzielne wykonanie wszystkich proces\u00f3w jest gwarancj\u0105 jako\u015bci.<\/li>\n<li><b>ORYGINALNY GRAWER<\/b>\u00a0&#8211; personalizacja w postaci graweru sprawia, \u017ce prezent jest wyj\u0105tkowy i indywidualnie dopasowany do ka\u017cdego jubilata.<\/li>\n<li><b>BEZPIECZNE PAKOWANIE<\/b>\u00a0&#8211; ka\u017cdy produkt jest odpowiednio zabezpieczony w transporcie, tak aby dotar\u0142 w ca\u0142o\u015bci.<\/li>\n<li><b>R\u0118CZNE DOPRACOWANE DETALE\u00a0<\/b>&#8211; po procesie wycinania laserowego ka\u017cdy z naszych produkt\u00f3w jest r\u0119cznie szlifowany, nast\u0119pnie sk\u0142adany oraz klejony.<\/li>\n<li><b>NIESAMOWITY EFEKT LUSTRZANY\u00a0<\/b>&#8211; dekory na pude\u0142ku wykonane s\u0105 ze szk\u0142a akrylowego o niezwyk\u0142ym efekcie z\u0142otego lustra.<\/li>\n<\/ul>\n","protected":false},"excerpt":{"rendered":"<p>Eleganckie i funkcjonalne <strong>pude\u0142ko &#8211; koperta<\/strong> na pieni\u0105dze to doskona\u0142a forma zapakowania podarunku. Innowacyjna wersja koperty przepi\u0119knie si\u0119 prezentuje i z pewno\u015bci\u0105 zwr\u00f3ci na siebie uwag\u0119.<\/p>\n","protected":false},"featured_media":565,"comment_status":"open","ping_status":"closed","template":"","meta":[],"product_brand":[],"product_cat":[68,45],"product_tag":[],"class_list":{"0":"post-555","1":"product","2":"type-product","3":"status-publish","4":"has-post-thumbnail","6":"product_cat-komunia","7":"product_cat-okazjonalne","9":"first","10":"instock","11":"sale","12":"shipping-taxable","13":"purchasable","14":"product-type-simple"},"_links":{"self":[{"href":"https:\/\/micodesign.pl\/index.php?rest_route=\/wp\/v2\/product\/555","targetHints":{"allow":["GET"]}}],"collection":[{"href":"https:\/\/micodesign.pl\/index.php?rest_route=\/wp\/v2\/product"}],"about":[{"href":"https:\/\/micodesign.pl\/index.php?rest_route=\/wp\/v2\/types\/product"}],"replies":[{"embeddable":true,"href":"https:\/\/micodesign.pl\/index.php?rest_route=%2Fwp%2Fv2%2Fcomments&post=555"}],"wp:featuredmedia":[{"embeddable":true,"href":"https:\/\/micodesign.pl\/index.php?rest_route=\/wp\/v2\/media\/565"}],"wp:attachment":[{"href":"https:\/\/micodesign.pl\/index.php?rest_route=%2Fwp%2Fv2%2Fmedia&parent=555"}],"wp:term":[{"taxonomy":"product_brand","embeddable":true,"href":"https:\/\/micodesign.pl\/index.php?rest_route=%2Fwp%2Fv2%2Fproduct_brand&post=555"},{"taxonomy":"product_cat","embeddable":true,"href":"https:\/\/micodesign.pl\/index.php?rest_route=%2Fwp%2Fv2%2Fproduct_cat&post=555"},{"taxonomy":"product_tag","embeddable":true,"href":"https:\/\/micodesign.pl\/index.php?rest_route=%2Fwp%2Fv2%2Fproduct_tag&post=555"}],"curies":[{"name":"wp","href":"https:\/\/api.w.org\/{rel}","templated":true}]}}