{"id":543,"date":"2026-02-21T10:21:32","date_gmt":"2026-02-21T10:21:32","guid":{"rendered":"https:\/\/micodesign.pl\/?post_type=product&#038;p=543"},"modified":"2026-02-21T10:21:32","modified_gmt":"2026-02-21T10:21:32","slug":"kolo-na-scianke-chrzest-swiety","status":"publish","type":"product","link":"https:\/\/micodesign.pl\/?product=kolo-na-scianke-chrzest-swiety","title":{"rendered":"Ko\u0142o na \u015bciank\u0119 &#8211; Chrzest \u015awi\u0119ty"},"content":{"rendered":"<p>Przepi\u0119kne ko\u0142o na \u015bciank\u0119 grawerowane metod\u0105 laserow\u0105 to doskona\u0142y pomys\u0142 na praktyczn\u0105, personalizowan\u0105 dekoracj\u0119. Ko\u0142o idealnie sprawdzi si\u0119 do zawieszenia na \u015bciance do zdj\u0119\u0107.<\/p>\n<p><b><span class=\"x1xsqp64 xiy17q3 x1o6pynw x19co3pv xdj266r xjn30re xat24cr x1hb08if x2b8uid\" data-testid=\"emoji\"><span class=\"xexx8yu xcaqkgz x18d9i69 xbwkkl7 x3jgonx x1bhl96m\"><img decoding=\"async\" class=\"emoji\" role=\"img\" draggable=\"false\" src=\"https:\/\/s.w.org\/images\/core\/emoji\/16.0.1\/svg\/2705.svg\" alt=\"\u2705\" \/><\/span><\/span>\u015arednica: 50 cm <\/b>(dostawa tylko kurierem)<\/p>\n<p>Napis &#8222;Chrzest \u015awi\u0119ty&#8221; oraz data s\u0105 grawerowane, natomiast dekory imituj\u0105ce li\u015bcie oraz imi\u0119 dziecka zosta\u0142y wykonane\u00a0<b>ze szk\u0142a akrylowego<\/b>\u00a0o charakterystycznym efekcie<b>\u00a0z\u0142otego lustra.<\/b><\/p>\n<p><b><span class=\"x1xsqp64 xiy17q3 x1o6pynw x19co3pv xdj266r xjn30re xat24cr x1hb08if x2b8uid\" data-testid=\"emoji\"><span class=\"xexx8yu xcaqkgz x18d9i69 xbwkkl7 x3jgonx x1bhl96m\"><img decoding=\"async\" class=\"emoji\" role=\"img\" draggable=\"false\" src=\"https:\/\/s.w.org\/images\/core\/emoji\/16.0.1\/svg\/2705.svg\" alt=\"\u2705\" \/> \u00a0<\/span><\/span>Materia\u0142:<\/b><\/p>\n<ul>\n<li><b>DWUSTRONNIE LAKIEROWANA p\u0142yta HDF &#8211; bia\u0142a<\/b><\/li>\n<li><b>napisy &#8211; szk\u0142o akrylowe z\u0142ote z efektem lustrzanym<\/b><\/li>\n<\/ul>\n<h2>BEZPO\u015aREDNIO OD POLSKIEGO PRODUCENTA<\/h2>\n<p>Ka\u017cde ko\u0142o wykonywane jest od podstaw w naszej firmie.<\/p>\n<h2>DLACZEGO NASZE KO\u0141O NA \u015aCIANK\u0118?<\/h2>\n<ul>\n<li><b>WYSOKA JAKO\u015a\u0106\u00a0<\/b>&#8211; ka\u017cdy produkt wykonywany jest u nas od projektu, przez wycinanie laserowe, szlifowanie oraz monta\u017c. Samodzielne wykonanie wszystkich proces\u00f3w jest gwarancj\u0105 jako\u015bci.<\/li>\n<li><b>PERSONALIZACJA\u00a0<\/b>&#8211; personalizacja w postaci napisu z imieniem oraz dat\u0105 sprawia, \u017ce produkt jest wyj\u0105tkowy i indywidualnie dopasowany do ka\u017cdej uroczysto\u015bci.<\/li>\n<li><b>BEZPIECZNE PAKOWANIE<\/b>\u00a0&#8211; ka\u017cdy produkt jest odpowiednio zabezpieczony w transporcie, tak aby dotar\u0142 w ca\u0142o\u015bci.<\/li>\n<li><b>R\u0118CZNE DOPRACOWANE DETALE\u00a0<\/b>&#8211; po procesie wycinania laserowego na ka\u017cde ko\u0142o r\u0119cznie naklejamy napisy. To bardzo pracoch\u0142onny proces, wymagaj\u0105cy ogromnego skupienia!<\/li>\n<li><b>NIESAMOWITY EFEKT LUSTRZANY\u00a0<\/b>&#8211;\u00a0 napisy wykonane ze szk\u0142a akrylowego o niezwyk\u0142ym efekcie z\u0142otego lustra.<\/li>\n<\/ul>\n<h2>ORYGINALNA DEKORACJA NA CHRZEST<\/h2>\n<h1>\u0141ATWY I SZYBKI MONTA\u017b<\/h1>\n<p>Ka\u017cde ko\u0142o posiada przygotowane niewielkie otwory, dzi\u0119ki kt\u00f3rym \u0142atwo i szybko mo\u017cna go zamontowa\u0107 np. na \u015bciance. Dzi\u0119ki \u015brednicy a\u017c 50cm ko\u0142o jest bardzo widoczne i daje naprawd\u0119 niesamowity efekt.<\/p>\n<h1>100% POLSKA PRODUKCJA<\/h1>\n<p>Nasze produkty \u015bmia\u0142o mo\u017cna okre\u015bli\u0107 mianem r\u0119kodzie\u0142a. Cho\u0107 same napisy wycinane s\u0105 laserowo to ca\u0142y proces ich klejenia nast\u0119puje r\u0119cznie. Wymagana jest tutaj ogromna precyzja tak, aby ca\u0142o\u015b\u0107 by\u0142a r\u00f3wna i estetyczna!<\/p>\n<h1>NAJWY\u017bSZA JAKO\u015a\u0106<\/h1>\n","protected":false},"excerpt":{"rendered":"<p>Przepi\u0119kne ko\u0142o na \u015bciank\u0119 &#8211; <strong>Chrzest \u015awi\u0119ty\u00a0<\/strong>o \u015brednicy 50cm to doskona\u0142a dekoracja, kt\u00f3ra dzi\u0119ki wysokiej jako\u015bci wykonania doda uroku ka\u017cdej uroczysto\u015bci. Personalizacja w postaci<strong> imienia dziecka<\/strong> oraz <strong>daty<\/strong> sprawi, \u017ce b\u0119dzie to r\u00f3wnie\u017c pi\u0119kna pami\u0105tka.<\/p>\n<p><em><strong>WA\u017bNE!<\/strong> Ko\u0142o o \u015brednicy 50cm wysy\u0142amy tylko kurierem. Rozmiar uniemo\u017cliwia dostaw\u0119 do Paczkomatu.\u00a0<\/em><\/p>\n","protected":false},"featured_media":548,"comment_status":"open","ping_status":"closed","template":"","meta":[],"product_brand":[],"product_cat":[69,45],"product_tag":[],"class_list":{"0":"post-543","1":"product","2":"type-product","3":"status-publish","4":"has-post-thumbnail","6":"product_cat-chrzest","7":"product_cat-okazjonalne","9":"first","10":"instock","11":"sale","12":"shipping-taxable","13":"purchasable","14":"product-type-simple"},"_links":{"self":[{"href":"https:\/\/micodesign.pl\/index.php?rest_route=\/wp\/v2\/product\/543","targetHints":{"allow":["GET"]}}],"collection":[{"href":"https:\/\/micodesign.pl\/index.php?rest_route=\/wp\/v2\/product"}],"about":[{"href":"https:\/\/micodesign.pl\/index.php?rest_route=\/wp\/v2\/types\/product"}],"replies":[{"embeddable":true,"href":"https:\/\/micodesign.pl\/index.php?rest_route=%2Fwp%2Fv2%2Fcomments&post=543"}],"wp:featuredmedia":[{"embeddable":true,"href":"https:\/\/micodesign.pl\/index.php?rest_route=\/wp\/v2\/media\/548"}],"wp:attachment":[{"href":"https:\/\/micodesign.pl\/index.php?rest_route=%2Fwp%2Fv2%2Fmedia&parent=543"}],"wp:term":[{"taxonomy":"product_brand","embeddable":true,"href":"https:\/\/micodesign.pl\/index.php?rest_route=%2Fwp%2Fv2%2Fproduct_brand&post=543"},{"taxonomy":"product_cat","embeddable":true,"href":"https:\/\/micodesign.pl\/index.php?rest_route=%2Fwp%2Fv2%2Fproduct_cat&post=543"},{"taxonomy":"product_tag","embeddable":true,"href":"https:\/\/micodesign.pl\/index.php?rest_route=%2Fwp%2Fv2%2Fproduct_tag&post=543"}],"curies":[{"name":"wp","href":"https:\/\/api.w.org\/{rel}","templated":true}]}}