{"id":538,"date":"2026-02-21T11:38:07","date_gmt":"2026-02-21T11:38:07","guid":{"rendered":"https:\/\/micodesign.pl\/?post_type=product&#038;p=538"},"modified":"2026-02-21T11:42:33","modified_gmt":"2026-02-21T11:42:33","slug":"ramka-do-tablic-rejestracyjnych","status":"publish","type":"product","link":"https:\/\/micodesign.pl\/?product=ramka-do-tablic-rejestracyjnych","title":{"rendered":"Ramki rejestracyjne z Twoim nadrukiem"},"content":{"rendered":"<h1>RAMKA Z TWOIM NADRUKIEM<\/h1>\n<p><b><span class=\"x1xsqp64 xiy17q3 x1o6pynw x19co3pv xdj266r xjn30re xat24cr x1hb08if x2b8uid\" data-testid=\"emoji\"><span class=\"xexx8yu xcaqkgz x18d9i69 xbwkkl7 x3jgonx x1bhl96m\"><img decoding=\"async\" class=\"emoji\" role=\"img\" draggable=\"false\" src=\"https:\/\/s.w.org\/images\/core\/emoji\/16.0.1\/svg\/2705.svg\" alt=\"\u2705\" \/> \u00a0<\/span><\/span>RAMKA NA REJESTRACJE<\/b><\/p>\n<p>Poszukujesz wysokiej jako\u015bci ramek do tablic rejestracyjnych z personalizowanym nadrukiem? Mamy dla Ciebie \u015bwietn\u0105 ofert\u0119!<\/p>\n<p><b> <span class=\"x1xsqp64 xiy17q3 x1o6pynw x19co3pv xdj266r xjn30re xat24cr x1hb08if x2b8uid\" data-testid=\"emoji\"><span class=\"xexx8yu xcaqkgz x18d9i69 xbwkkl7 x3jgonx x1bhl96m\"><img decoding=\"async\" class=\"emoji\" role=\"img\" draggable=\"false\" src=\"https:\/\/s.w.org\/images\/core\/emoji\/16.0.1\/svg\/2705.svg\" alt=\"\u2705\" \/> \u00a0<\/span><\/span>Wymiar ramki: <\/b>550 x 130mm<\/p>\n<h2>LISTWA O SZEROKO\u015aCI A\u017b 25 MM<\/h2>\n<p>Listwa zatrzaskowa w naszych ramkach posiada szeroko\u015b\u0107 a\u017c 25mm, dzi\u0119ki czemu zyskujesz wi\u0119cej miejsca na swoj\u0105 reklam\u0119! Dzi\u0119ki temu napis lub\/i logo s\u0105 zdecydowanie bardziej czytelne nawet z wi\u0119kszej odleg\u0142o\u015bci!<\/p>\n<h2>TRWA\u0141Y NADRUK UV<\/h2>\n<p>Oferowane przez nas ramki na rejestracje s\u0105 personalizowane nowoczesnym nadrukiem UV, kt\u00f3ry mo\u017ce poszczyci\u0107 si\u0119 znakomitymi w\u0142a\u015bciwo\u015bciami &#8211; jest trwa\u0142y, odporny na promieniowanie, nie \u015bciera si\u0119.\u00a0<b>Nie jest to \u017cadna naklejka!\u00a0<\/b>Nadruk wykonany jest bezpo\u015brednio na tablicy, a jego warstwa jest na tyle gruba, \u017ce czu\u0107 j\u0105 pod palcem!<\/p>\n<h1>NAJWY\u017bSZA JAKO\u015a\u0106 | SUPER CENA<\/h1>\n<p>Ramki na rejestracje, kt\u00f3re oferujemy posiadaj\u0105 wszystkie niezb\u0119dne atesty, a przede wszystkim wykonane s\u0105 z elastycznego, trwa\u0142ego tworzywa.<\/p>\n<p><b>Bezproblemowo mo\u017cna wielokrotnie wpina\u0107 i wypina\u0107 listw\u0119 zatrzaskow\u0105 bez obawy o uszkodzenie mocowa\u0144!<\/b><\/p>\n<p>Oczywi\u015bcie z zachowaniem ostro\u017cno\u015bci \ud83d\ude42<\/p>\n<p>Wysokiej jako\u015bci ramki, wraz z nadrukiem otrzymujesz w \u015bwietnej cenie.<\/p>\n<h1>WI\u0118CEJ MIEJSCA NA REKLAM\u0118<\/h1>\n<p>Dzi\u0119ki szerokiej listwie zatrzaskowej &#8211; a\u017c 25mm &#8211; Tw\u00f3j nadruk \/ reklama b\u0119dzie zdecydowanie bardziej czytelna! To zdecydowanie czynnik wyr\u00f3\u017cniaj\u0105cy w\u0142a\u015bnie nasze ramki!<\/p>\n","protected":false},"excerpt":{"rendered":"<p><strong>Ramki rejestracyjne z Twoim nadrukiem?<\/strong> Teraz to mo\u017cliwe i to<strong> ju\u017c od 1 szt!\u00a0<\/strong>Wysoka jako\u015b\u0107 tworzywa, elastyczny materia\u0142 i jeden z najszerszych pask\u00f3w na reklam\u0119 &#8211; a\u017c 25mm. Dzi\u0119ki temu Twoja reklama b\u0119dzie zdecydowanie bardziej widoczna.<\/p>\n<p><em><strong>Logo<\/strong> lub <strong>materia\u0142y graficzne<\/strong> do zam\u00f3wienia nale\u017cy przes\u0142a\u0107 na adres e-mail: biuro@micodesign.pl<\/em><\/p>\n<p>&nbsp;<\/p>\n","protected":false},"featured_media":636,"comment_status":"open","ping_status":"closed","template":"","meta":[],"product_brand":[],"product_cat":[50],"product_tag":[],"class_list":{"0":"post-538","1":"product","2":"type-product","3":"status-publish","4":"has-post-thumbnail","6":"product_cat-gadzety-reklamowe","8":"first","9":"instock","10":"sale","11":"shipping-taxable","12":"purchasable","13":"product-type-variable"},"_links":{"self":[{"href":"https:\/\/micodesign.pl\/index.php?rest_route=\/wp\/v2\/product\/538","targetHints":{"allow":["GET"]}}],"collection":[{"href":"https:\/\/micodesign.pl\/index.php?rest_route=\/wp\/v2\/product"}],"about":[{"href":"https:\/\/micodesign.pl\/index.php?rest_route=\/wp\/v2\/types\/product"}],"replies":[{"embeddable":true,"href":"https:\/\/micodesign.pl\/index.php?rest_route=%2Fwp%2Fv2%2Fcomments&post=538"}],"wp:featuredmedia":[{"embeddable":true,"href":"https:\/\/micodesign.pl\/index.php?rest_route=\/wp\/v2\/media\/636"}],"wp:attachment":[{"href":"https:\/\/micodesign.pl\/index.php?rest_route=%2Fwp%2Fv2%2Fmedia&parent=538"}],"wp:term":[{"taxonomy":"product_brand","embeddable":true,"href":"https:\/\/micodesign.pl\/index.php?rest_route=%2Fwp%2Fv2%2Fproduct_brand&post=538"},{"taxonomy":"product_cat","embeddable":true,"href":"https:\/\/micodesign.pl\/index.php?rest_route=%2Fwp%2Fv2%2Fproduct_cat&post=538"},{"taxonomy":"product_tag","embeddable":true,"href":"https:\/\/micodesign.pl\/index.php?rest_route=%2Fwp%2Fv2%2Fproduct_tag&post=538"}],"curies":[{"name":"wp","href":"https:\/\/api.w.org\/{rel}","templated":true}]}}