{"id":526,"date":"2026-02-17T08:25:45","date_gmt":"2026-02-17T08:25:45","guid":{"rendered":"https:\/\/micodesign.pl\/?post_type=product&#038;p=526"},"modified":"2026-03-01T21:36:22","modified_gmt":"2026-03-01T21:36:22","slug":"znicz-plomien-led-ze-zdjeciem-i-dedykacja","status":"publish","type":"product","link":"https:\/\/micodesign.pl\/?product=znicz-plomien-led-ze-zdjeciem-i-dedykacja","title":{"rendered":"Znicz P\u0142omie\u0144 LED ze zdj\u0119ciem i dedykacj\u0105"},"content":{"rendered":"<h1>ZNICZ LED Z TWOJ\u0104 DEDYKACJ\u0104<\/h1>\n<p>W pe\u0142ni spersonalizowany znicz LED wykonany z najwy\u017cszej jako\u015bci szk\u0142a akrylowego to doskona\u0142a forma upami\u0119tnienia bliskich Ci osoby w indywidualny spos\u00f3b.<\/p>\n<p><b>Wysoko\u015b\u0107:\u00a0<\/b>16,5 cm |\u00a0<b>Wymiary podstawy:\u00a0<\/b>30 x 15 cm<\/p>\n<p>Sam wybierasz dedykacj\u0119, mo\u017cesz doda\u0107 sw\u00f3j podpis czy odpowiedni\u0105 grafik\u0119 (np. serce, kwiat czy symbol wieczno\u015bci) &#8211; wszystko tak, aby projekt by\u0142 skrojony w\u0142a\u015bnie pod Twoje potrzeby. Co najwa\u017cniejsze &#8211; na zniczu znajdzie si\u0119 zdj\u0119cie bliskiej Ci osoby, co zdecydowanie\u00a0<b>wyr\u00f3\u017cni go<\/b>\u00a0spo\u015br\u00f3d standardowych zniczy.<\/p>\n<p><b>Materia\u0142:\u00a0<\/b>najwy\u017cszej jako\u015bci\u00a0<b>szk\u0142o akrylowe<\/b>\u00a0&#8211; czarny po\u0142ysk<\/p>\n<p><b>Krzy\u017c oraz wst\u0105\u017cka wykonane z efektem lustrzanym<\/b><\/p>\n<h2>PRODUKT WYKONANY W POLSKIEJ FIRMIE<\/h2>\n<p>Od projektu przez wycinanie, wyginanie oraz monta\u017c nasze produkty wykonywane s\u0105 bezpo\u015brednio u nas. To daje gwarancj\u0119 jako\u015bci.<\/p>\n<h1>LAMPKA LED &#8211; \u017bYWY P\u0141OMIE\u0143<\/h1>\n<p>Co jeszcze wyr\u00f3\u017cnia nasze znicze? O\u015bwietlane s\u0105 przez nowocze\u015bnie wygl\u0105daj\u0105c\u0105 lampk\u0119 LED\u00a0<b>z efektem ruszaj\u0105cego si\u0119 p\u0142omienia<\/b>. Ca\u0142o\u015b\u0107 prezentuje si\u0119 naprawd\u0119 niesamowicie, a co najwa\u017cniejsze &#8211;\u00a0<b>mocno i pi\u0119knie o\u015bwietla znicz!<\/b><\/p>\n<h2>NOWOCZESNA METODA PRODUKCJI<\/h2>\n<p>Nasze podstawki wykonywane s\u0105 nowoczesn\u0105 metod\u0105 wycinania laserowego oraz wyginania pod temperatur\u0105 ponad 300 stopni. Oznacza to, \u017ce podstawka oraz tabliczka wykonane s\u0105 z jednego elementu &#8211; nie s\u0105 ze sob\u0105 klejone, co zdecydowanie wp\u0142ywa na trwa\u0142o\u015b\u0107 produktu.<\/p>\n<h2>ZASILANIE BATERIAMI AA<\/h2>\n<p>Zasilanie bateriami AA daje gwarancj\u0119 d\u0142ugiego \u015bwiecenia. Deklarowany czas dzia\u0142ania na bateriach to 7-14 dni. Prosz\u0119 pami\u0119ta\u0107, \u017ce znicz \u015bwieci ca\u0142\u0105 dob\u0119, a generowane \u015bwiat\u0142o jest znacznie mocniejsze, ni\u017c w przypadku tradycyjnych wk\u0142ad\u00f3w olejowych.<\/p>\n<h1>GRATIS! Dla Twojej wygody w komplecie otrzymasz od nas baterie!<\/h1>\n<p>Dzi\u0119ki temu znicz jest gotowy do postawienia na pomniku. Znicz LED daje wi\u0119cej \u015bwiat\u0142a, a przy tym jest bardziej przyjazny \u015brodowisku.<\/p>\n<p>&nbsp;<\/p>\n","protected":false},"excerpt":{"rendered":"<p>W pe\u0142ni spersonalizowany znicz solarny LED wykonany z najwy\u017cszej jako\u015bci szk\u0142a akrylowego to doskona\u0142a forma upami\u0119tnienia bliskich Ci os\u00f3b w indywidualny spos\u00f3b.<\/p>\n<p><strong>Zdj\u0119cie nale\u017cy przes\u0142a\u0107 na adres e-mail: biuro@micodesign.pl<\/strong><\/p>\n","protected":false},"featured_media":536,"comment_status":"open","ping_status":"closed","template":"","meta":[],"product_brand":[],"product_cat":[49],"product_tag":[],"class_list":{"0":"post-526","1":"product","2":"type-product","3":"status-publish","4":"has-post-thumbnail","6":"product_cat-znicze","8":"first","9":"instock","10":"sale","11":"shipping-taxable","12":"purchasable","13":"product-type-simple"},"_links":{"self":[{"href":"https:\/\/micodesign.pl\/index.php?rest_route=\/wp\/v2\/product\/526","targetHints":{"allow":["GET"]}}],"collection":[{"href":"https:\/\/micodesign.pl\/index.php?rest_route=\/wp\/v2\/product"}],"about":[{"href":"https:\/\/micodesign.pl\/index.php?rest_route=\/wp\/v2\/types\/product"}],"replies":[{"embeddable":true,"href":"https:\/\/micodesign.pl\/index.php?rest_route=%2Fwp%2Fv2%2Fcomments&post=526"}],"wp:featuredmedia":[{"embeddable":true,"href":"https:\/\/micodesign.pl\/index.php?rest_route=\/wp\/v2\/media\/536"}],"wp:attachment":[{"href":"https:\/\/micodesign.pl\/index.php?rest_route=%2Fwp%2Fv2%2Fmedia&parent=526"}],"wp:term":[{"taxonomy":"product_brand","embeddable":true,"href":"https:\/\/micodesign.pl\/index.php?rest_route=%2Fwp%2Fv2%2Fproduct_brand&post=526"},{"taxonomy":"product_cat","embeddable":true,"href":"https:\/\/micodesign.pl\/index.php?rest_route=%2Fwp%2Fv2%2Fproduct_cat&post=526"},{"taxonomy":"product_tag","embeddable":true,"href":"https:\/\/micodesign.pl\/index.php?rest_route=%2Fwp%2Fv2%2Fproduct_tag&post=526"}],"curies":[{"name":"wp","href":"https:\/\/api.w.org\/{rel}","templated":true}]}}