{"id":487,"date":"2026-02-17T13:26:33","date_gmt":"2026-02-17T13:26:33","guid":{"rendered":"https:\/\/micodesign.pl\/?post_type=product&#038;p=487"},"modified":"2026-02-17T13:53:54","modified_gmt":"2026-02-17T13:53:54","slug":"znicz-solarny-ze-zdjeciem-i-dedykacja","status":"publish","type":"product","link":"https:\/\/micodesign.pl\/?product=znicz-solarny-ze-zdjeciem-i-dedykacja","title":{"rendered":"Znicz solarny ze zdj\u0119ciem i dedykacj\u0105"},"content":{"rendered":"<h1>ZNICZ SOLARNY<\/h1>\n<h2>TWOJA DEDYKACJA + ZDJ\u0118CIE BLISKIEJ OSOBY<\/h2>\n<p>W pe\u0142ni spersonalizowany znicz solarny LED wykonany z najwy\u017cszej jako\u015bci szk\u0142a akrylowego to doskona\u0142a forma upami\u0119tnienia bliskich Ci os\u00f3b w indywidualny spos\u00f3b.<\/p>\n<p><b>Wysoko\u015b\u0107:\u00a0<\/b>16,5 cm |\u00a0<b>Wymiary podstawy:\u00a0<\/b>25 x 13 cm<\/p>\n<p>Sam wybierasz dedykacj\u0119, mo\u017cesz doda\u0107 sw\u00f3j podpis czy odpowiedni\u0105 grafik\u0119 (np. serce, kwiat czy symbol wieczno\u015bci) &#8211; wszystko tak, aby projekt by\u0142 skrojony w\u0142a\u015bnie pod Twoje potrzeby.<\/p>\n<p><b>Materia\u0142:\u00a0<\/b>najwy\u017cszej jako\u015bci\u00a0<b>szk\u0142o akrylowe<\/b>\u00a0&#8211; czarny po\u0142ysk<\/p>\n<p><b>Dekoracyjne r\u00f3\u017ce wykonane z efektem lustrzanym<\/b><\/p>\n<h2>PRODUKT WYKONANY W POLSKIEJ FIRMIE<\/h2>\n<p>Od projektu przez wycinanie, wyginanie oraz monta\u017c nasze produkty wykonywane s\u0105 bezpo\u015brednio u nas. To daje gwarancj\u0119 jako\u015bci.<\/p>\n<p>Co jeszcze wyr\u00f3\u017cnia nasze znicze? O\u015bwietlane s\u0105 przez nowocze\u015bnie wygl\u0105daj\u0105c\u0105 lampk\u0119 solarn\u0105.\u00a0Ca\u0142o\u015b\u0107 prezentuje si\u0119 naprawd\u0119 niesamowicie, a co najwa\u017cniejsze &#8211;\u00a0<b>nie musisz wymienia\u0107 w niej baterii!<\/b><\/p>\n<h2>NOWOCZESNA METODA PRODUKCJI<\/h2>\n<p>Nasze podstawki wykonywane s\u0105 nowoczesn\u0105 metod\u0105 wycinania laserowego oraz wyginania pod temperatur\u0105 ponad 300 stopni. Oznacza to, \u017ce podstawka oraz tabliczka wykonane s\u0105 z jednego elementu &#8211; nie s\u0105 ze sob\u0105 klejone, co zdecydowanie wp\u0142ywa na trwa\u0142o\u015b\u0107 produktu.<\/p>\n<h2>ZASILANIE SOLARNE &#8211; bez wymiany baterii!<\/h2>\n<p>Znicz\u00a0<b>solarny\u00a0<\/b>to wygodne rozwi\u0105zanie, kt\u00f3re pozwoli na d\u0142ugotrwa\u0142e o\u015bwietlenie ca\u0142ej podstawki bez konieczno\u015bci wymiany baterii. Wystarczy, \u017ce znicz na\u0142aduje sw\u00f3j akumulator poprzez promienie s\u0142oneczne i b\u0119dzie \u015bwieci\u0142 tu\u017c po zmroku.<\/p>\n<p>Wbudowany\u00a0<b>czujnik \u015bwiat\u0142a<\/b>\u00a0pozwala na oszcz\u0119dzanie energii przez dzie\u0144 i\u00a0<b>automatyczne w\u0142\u0105czenie \u015bwiat\u0142a<\/b>\u00a0po zmroku.<\/p>\n<h1>Pami\u0119taj, aby wys\u0142a\u0107 zdj\u0119cie oraz napisa\u0107 tre\u015b\u0107 dedykacji przy zakupie.<\/h1>\n","protected":false},"excerpt":{"rendered":"<p>W pe\u0142ni spersonalizowany znicz solarny LED wykonany z najwy\u017cszej jako\u015bci szk\u0142a akrylowego to doskona\u0142a forma upami\u0119tnienia bliskich Ci os\u00f3b w indywidualny spos\u00f3b.<\/p>\n<p><strong>Zdj\u0119cie nale\u017cy przes\u0142a\u0107 na adres e-mail: biuro@micodesign.pl.<\/strong><\/p>\n","protected":false},"featured_media":494,"comment_status":"open","ping_status":"closed","template":"","meta":[],"product_brand":[],"product_cat":[49],"product_tag":[],"class_list":{"0":"post-487","1":"product","2":"type-product","3":"status-publish","4":"has-post-thumbnail","6":"product_cat-znicze","8":"first","9":"instock","10":"sale","11":"shipping-taxable","12":"purchasable","13":"product-type-simple"},"_links":{"self":[{"href":"https:\/\/micodesign.pl\/index.php?rest_route=\/wp\/v2\/product\/487","targetHints":{"allow":["GET"]}}],"collection":[{"href":"https:\/\/micodesign.pl\/index.php?rest_route=\/wp\/v2\/product"}],"about":[{"href":"https:\/\/micodesign.pl\/index.php?rest_route=\/wp\/v2\/types\/product"}],"replies":[{"embeddable":true,"href":"https:\/\/micodesign.pl\/index.php?rest_route=%2Fwp%2Fv2%2Fcomments&post=487"}],"wp:featuredmedia":[{"embeddable":true,"href":"https:\/\/micodesign.pl\/index.php?rest_route=\/wp\/v2\/media\/494"}],"wp:attachment":[{"href":"https:\/\/micodesign.pl\/index.php?rest_route=%2Fwp%2Fv2%2Fmedia&parent=487"}],"wp:term":[{"taxonomy":"product_brand","embeddable":true,"href":"https:\/\/micodesign.pl\/index.php?rest_route=%2Fwp%2Fv2%2Fproduct_brand&post=487"},{"taxonomy":"product_cat","embeddable":true,"href":"https:\/\/micodesign.pl\/index.php?rest_route=%2Fwp%2Fv2%2Fproduct_cat&post=487"},{"taxonomy":"product_tag","embeddable":true,"href":"https:\/\/micodesign.pl\/index.php?rest_route=%2Fwp%2Fv2%2Fproduct_tag&post=487"}],"curies":[{"name":"wp","href":"https:\/\/api.w.org\/{rel}","templated":true}]}}