{"id":455,"date":"2026-02-14T12:14:33","date_gmt":"2026-02-14T12:14:33","guid":{"rendered":"https:\/\/micodesign.pl\/?post_type=product&#038;p=455"},"modified":"2026-02-14T12:14:33","modified_gmt":"2026-02-14T12:14:33","slug":"okragla-deska-do-krojenia","status":"publish","type":"product","link":"https:\/\/micodesign.pl\/?product=okragla-deska-do-krojenia","title":{"rendered":"Okr\u0105g\u0142a deska do krojenia"},"content":{"rendered":"<h1>BUKOWA DESKA DO KROJENIA<\/h1>\n<p><b>Wykonana z litego drewna bukowego \u2013 wyj\u0105tkowo wytrzyma\u0142a, odporna na p\u0119kanie\u00a0<\/b>oraz do samodzielnego olejowania. Deska nie posiada \u017cadnej warstwy lakieru, ani oleju.<\/p>\n<p><b>Wymiary:<\/b><\/p>\n<ul>\n<li><b>GRUBO\u015a\u0106:<\/b>\u00a01,5 CM<\/li>\n<li><b>\u015aREDNICA:\u00a0<\/b>30 CM<\/li>\n<\/ul>\n<p><b>Szukasz funkcjonalnej i estetycznej deski do swojej kuchni lub na prezent? Ten produkt sprawdzi si\u0119 idealnie!<\/b><\/p>\n<p>\u2705 Niezb\u0119dne podczas krojenia pieczywa, warzyw, owoc\u00f3w i wielu innych produkt\u00f3w<\/p>\n<p>\u2705 Doskona\u0142e do serwowania w\u0119dlin, ser\u00f3w, przek\u0105sek \u2013 idealne na spotkania i przyj\u0119cia<\/p>\n<p>\u2705 Eleganckie i starannie wykonane \u2013 b\u0119d\u0105 ozdob\u0105 ka\u017cdego sto\u0142u<\/p>\n<p>\u2705 Wygodne w codziennym u\u017cytkowaniu<\/p>\n<p>\u2705 Uniwersalny pomys\u0142 na prezent: na \u015bwi\u0119ta, urodziny, parapet\u00f3wk\u0119, Dzie\u0144 Matki, Ojca, Babci, Dziadka i wiele innych okazji<\/p>\n<p>\u2705 W 100% naturalne i ekologiczne \u2013 bezpieczne dla zdrowia i \u015brodowiska<\/p>\n<h2>DREWNIANA DESKA DO KROJENIA<\/h2>\n<p><b>Produkt polski \u2022 100% lite drewno \u2022 R\u0119czna produkcja<\/b><\/p>\n<p><b>NATURALNE DREWNO BUKOWE<\/b><\/p>\n<p>\u2714 R\u0119cznie produkowana z drewna pochodz\u0105cego z polskich las\u00f3w<\/p>\n<p>\u2714 Ka\u017cda deska to unikat \u2013\u00a0<b>naturalne us\u0142ojenie i odcienie drewna<\/b>\u00a0sprawiaj\u0105, \u017ce nie ma dw\u00f3ch identycznych sztuk<\/p>\n<h2>DLACZEGO WARTO MIE\u0106 TAK\u0104 DESK\u0118?<\/h2>\n<p>\u2705 Nie t\u0119pi no\u017cy \u2013 w przeciwie\u0144stwie do desek szklanych czy kamiennych<\/p>\n<p>\u2705 Idealna nie tylko do krojenia \u2013 u\u017cyj jej jako:<\/p>\n<ul>\n<li>eleganckiego\u00a0<b>talerza do serwowania potraw<\/b><\/li>\n<li><b>podstawki pod gor\u0105ce naczynia<\/b><\/li>\n<\/ul>\n<p>\u2705 Stylowy dodatek do ka\u017cdej kuchni \u2013 pasuje do wn\u0119trz klasycznych i nowoczesnych<\/p>\n","protected":false},"excerpt":{"rendered":"<p>Drewniana deska do krojenia o \u015brednicy 30cm doskonale sprawdzi si\u0119 zar\u00f3wno do krojenia, jak i serwowania.<\/p>\n","protected":false},"featured_media":456,"comment_status":"open","ping_status":"closed","template":"","meta":[],"product_brand":[],"product_cat":[66],"product_tag":[],"class_list":{"0":"post-455","1":"product","2":"type-product","3":"status-publish","4":"has-post-thumbnail","6":"product_cat-deski-do-krojenia","8":"first","9":"instock","10":"shipping-taxable","11":"purchasable","12":"product-type-simple"},"_links":{"self":[{"href":"https:\/\/micodesign.pl\/index.php?rest_route=\/wp\/v2\/product\/455","targetHints":{"allow":["GET"]}}],"collection":[{"href":"https:\/\/micodesign.pl\/index.php?rest_route=\/wp\/v2\/product"}],"about":[{"href":"https:\/\/micodesign.pl\/index.php?rest_route=\/wp\/v2\/types\/product"}],"replies":[{"embeddable":true,"href":"https:\/\/micodesign.pl\/index.php?rest_route=%2Fwp%2Fv2%2Fcomments&post=455"}],"wp:featuredmedia":[{"embeddable":true,"href":"https:\/\/micodesign.pl\/index.php?rest_route=\/wp\/v2\/media\/456"}],"wp:attachment":[{"href":"https:\/\/micodesign.pl\/index.php?rest_route=%2Fwp%2Fv2%2Fmedia&parent=455"}],"wp:term":[{"taxonomy":"product_brand","embeddable":true,"href":"https:\/\/micodesign.pl\/index.php?rest_route=%2Fwp%2Fv2%2Fproduct_brand&post=455"},{"taxonomy":"product_cat","embeddable":true,"href":"https:\/\/micodesign.pl\/index.php?rest_route=%2Fwp%2Fv2%2Fproduct_cat&post=455"},{"taxonomy":"product_tag","embeddable":true,"href":"https:\/\/micodesign.pl\/index.php?rest_route=%2Fwp%2Fv2%2Fproduct_tag&post=455"}],"curies":[{"name":"wp","href":"https:\/\/api.w.org\/{rel}","templated":true}]}}