{"id":446,"date":"2026-02-14T11:55:10","date_gmt":"2026-02-14T11:55:10","guid":{"rendered":"https:\/\/micodesign.pl\/?post_type=product&#038;p=446"},"modified":"2026-02-14T12:05:29","modified_gmt":"2026-02-14T12:05:29","slug":"deska-obrotowa-do-serwowania","status":"publish","type":"product","link":"https:\/\/micodesign.pl\/?product=deska-obrotowa-do-serwowania","title":{"rendered":"Deska obrotowa do serwowania"},"content":{"rendered":"<p>Elegancka i funkcjonalna deska obrotowa wykonana z naturalnego drewna bukowego. Idealna do serwowania przek\u0105sek, ser\u00f3w, w\u0119dlin, owoc\u00f3w czy innych smako\u0142yk\u00f3w podczas spotka\u0144 z rodzin\u0105 i przyjaci\u00f3\u0142mi. Funkcja obrotowa u\u0142atwia dost\u0119p do wszystkich podanych da\u0144, co czyni j\u0105 praktycznym dodatkiem do ka\u017cdej kuchni i jadalni. Deska charakteryzuje si\u0119 wysok\u0105 trwa\u0142o\u015bci\u0105, naturalnym wygl\u0105dem i precyzyjnym wykonaniem.<\/p>\n<h2>100% POLSKI PRODUKT | WYSOKA JAKO\u015a\u0106<\/h2>\n<ul>\n<li>Grubo\u015b\u0107 blatu obrotowego: 1,5 cm<\/li>\n<li>\u015arednica do wyboru<\/li>\n<\/ul>\n<p>Spotkania z rodzin\u0105 i przyjaci\u00f3\u0142mi to chwile podczas kt\u00f3rych cz\u0119sto mo\u017cemy skosztowa\u0107 r\u00f3\u017cnego rodzaju przysmak\u00f3w. Zaserwuj je w wyj\u0105tkowy i funkcjonalny spos\u00f3b z pomoc\u0105 drewnianej deski obrotowej.<\/p>\n<p>Ka\u017cda deska posiada korkowe stopki, dzi\u0119ki kt\u00f3rym b\u0119dzie stabilna na ka\u017cdym stole czy blacie. Stopki maj\u0105 r\u00f3wnie\u017c funkcj\u0119 antypo\u015blizgow\u0105, aby deska nie przesuwa\u0142a si\u0119.<\/p>\n<h2>DLACZEGO W\u0141A\u015aNIE MY?<\/h2>\n<ul>\n<li><b>DREWNO BUKOWE<\/b>\u00a0&#8211; ka\u017cda deska obrotowa wykonana jest z twardego i wytrzyma\u0142ego drewna bukowego.<\/li>\n<li><b>100% PRODUKCJA\u00a0POLSKA<\/b>\u00a0 &#8211; nasze produkty wykonywane s\u0105 w pe\u0142ni w polskich firmach oraz z polskiego drewna.<\/li>\n<li><b>SZYBKA REALIZACJA<\/b>\u00a0&#8211; posiadamy dost\u0119pne stany magazynowe, dlatego mo\u017cesz liczy\u0107 na szybk\u0105 dostaw\u0119.<\/li>\n<li><b>\u015aRUBA REGULACYJNA<\/b>\u00a0&#8211; dzi\u0119ki \u0142o\u017cysku zamontowanemu na \u015brubie masz mo\u017cliwo\u015b\u0107 regulacji obrotu.<\/li>\n<\/ul>\n<p>&nbsp;<\/p>\n","protected":false},"excerpt":{"rendered":"<p>Obrotowa deska do serwowania i podawania posi\u0142k\u00f3w doskonale sprawdzi si\u0119 podczas przyj\u0119\u0107, imprez, jak i r\u00f3wnie\u017c domowych spotka\u0144. Deska wykonana z litego drewna bukowego.<\/p>\n","protected":false},"featured_media":452,"comment_status":"open","ping_status":"closed","template":"","meta":[],"product_brand":[],"product_cat":[66],"product_tag":[],"class_list":{"0":"post-446","1":"product","2":"type-product","3":"status-publish","4":"has-post-thumbnail","6":"product_cat-deski-do-krojenia","8":"first","9":"instock","10":"sale","11":"shipping-taxable","12":"purchasable","13":"product-type-variable"},"_links":{"self":[{"href":"https:\/\/micodesign.pl\/index.php?rest_route=\/wp\/v2\/product\/446","targetHints":{"allow":["GET"]}}],"collection":[{"href":"https:\/\/micodesign.pl\/index.php?rest_route=\/wp\/v2\/product"}],"about":[{"href":"https:\/\/micodesign.pl\/index.php?rest_route=\/wp\/v2\/types\/product"}],"replies":[{"embeddable":true,"href":"https:\/\/micodesign.pl\/index.php?rest_route=%2Fwp%2Fv2%2Fcomments&post=446"}],"wp:featuredmedia":[{"embeddable":true,"href":"https:\/\/micodesign.pl\/index.php?rest_route=\/wp\/v2\/media\/452"}],"wp:attachment":[{"href":"https:\/\/micodesign.pl\/index.php?rest_route=%2Fwp%2Fv2%2Fmedia&parent=446"}],"wp:term":[{"taxonomy":"product_brand","embeddable":true,"href":"https:\/\/micodesign.pl\/index.php?rest_route=%2Fwp%2Fv2%2Fproduct_brand&post=446"},{"taxonomy":"product_cat","embeddable":true,"href":"https:\/\/micodesign.pl\/index.php?rest_route=%2Fwp%2Fv2%2Fproduct_cat&post=446"},{"taxonomy":"product_tag","embeddable":true,"href":"https:\/\/micodesign.pl\/index.php?rest_route=%2Fwp%2Fv2%2Fproduct_tag&post=446"}],"curies":[{"name":"wp","href":"https:\/\/api.w.org\/{rel}","templated":true}]}}