{"id":426,"date":"2026-02-13T12:25:19","date_gmt":"2026-02-13T12:25:19","guid":{"rendered":"https:\/\/micodesign.pl\/?post_type=product&#038;p=426"},"modified":"2026-02-13T21:19:20","modified_gmt":"2026-02-13T21:19:20","slug":"piersiowka-z-grawerem-180ml-pudelko","status":"publish","type":"product","link":"https:\/\/micodesign.pl\/?product=piersiowka-z-grawerem-180ml-pudelko","title":{"rendered":"Piersi\u00f3wka z grawerem 210ml + pude\u0142ko"},"content":{"rendered":"<h2>ZESTAW: PIERSI\u00d3WKA + ELEGANCKIE PUDE\u0141KO<\/h2>\n<p><b>Materia\u0142:<\/b>\u00a0stal nierdzewna + ekosk\u00f3ra |\u00a0<b>Pojemno\u015b\u0107:\u00a0<\/b>210ml<\/p>\n<p><b>Wymiary pude\u0142ka:<\/b>\u00a017 x 17 x 6cm<\/p>\n<p>Grawer na sk\u00f3rzanym obszyciu prezentuje si\u0119 niesamowicie elegancko, a jednocze\u015bnie subtelnie. Dzi\u0119ki takiemu rozwi\u0105zaniu otrzymujemy unikalny prezent, b\u0119d\u0105cy tak\u017ce praktycznym gad\u017cetem.<\/p>\n<h2>PRAKTYCZNY PREZENT DLA KA\u017bDEGO FACETA<\/h2>\n<h2>GRAWEROWANE PUDE\u0141KO Z LITEGO DREWNA<\/h2>\n<p>Nasza piersi\u00f3wka w zestawie zapakowana jest w r\u00f3wnie oryginalne, grawerowane pude\u0142ko wykonane z\u00a0<b>litego drewna<\/b>. Ca\u0142o\u015b\u0107 zosta\u0142a\u00a0<b>r\u0119cznie pomalowana\u00a0<\/b>na kolor czarny, dzi\u0119ki czemu zyska\u0142a jeszcze bardziej elegancki charakter.<\/p>\n<h2>PREZENT NA 18, 30, 40, 50 czy 60 URODZINY<\/h2>\n<p><b>Elegancka<\/b>, por\u0119czna i\u00a0<b>solidna\u00a0<\/b>piersi\u00f3wka o pojemno\u015bci\u00a0<b>210ml<\/b>\u00a0jest doskona\u0142\u0105 propozycj\u0105 prezentu dla ka\u017cdego m\u0119\u017cczyzny.\u00a0<b>Idealny prezent\u00a0<\/b>urodzinowy to taki, kt\u00f3ry pozostanie w pami\u0119ci &#8211; tu nie ma innej mo\u017cliwo\u015bci!\u00a0<b>Praktyczny\u00a0<\/b>prezent, kt\u00f3ry m\u0119\u017cczy\u017ani z pewno\u015bci\u0105 b\u0119d\u0105 ch\u0119tnie nosi\u0107 przy sobie.<\/p>\n<h2>PREZENT DLA CH\u0141OPAKA, TATY lub DZIADKA<\/h2>\n<p><b>Unikalny<\/b>, ale jednocze\u015bnie uniwersalny prezent, kt\u00f3ry wpisze si\u0119 w gust ch\u0142opaka, taty, a nawet dziadka. Stalowa piersi\u00f3wka w stylowym,\u00a0<b>sk\u00f3rzanym obszyciu<\/b>\u00a0ma charakter i opr\u00f3cz swojej funkcji przechowywania ognistych napoj\u00f3w zawsze pod r\u0119k\u0105, b\u0119dzie tak\u017ce klasycznym dodatkiem!<\/p>\n<h2>STW\u00d3RZ Z NAMI ORYGINALN\u0104 PAMI\u0104TK\u0118!<\/h2>\n<h2>PERSONALIZOWANY, STYLOWY GRAWER<\/h2>\n<p>Grawerowanie laserowe jest jedn\u0105 z najtrwalszych form znakowania.\u00a0<b>Grawer<\/b>\u00a0nie jest wydrukiem czy naklejk\u0105, a trwale wypalon\u0105 form\u0105, kt\u00f3ra nigdy si\u0119 nie zetrze i pozostanie widoczna przez\u00a0<b>wiele lat!<\/b><\/p>\n<p><b>PRZY ZAM\u00d3WIENIE KONIECZNIE PODAJ:<\/b><\/p>\n<ul>\n<li><b>IMI\u0118 JUBILATA\u00a0<\/b>&#8211; znajdzie si\u0119 ono w g\u00f3rnej cz\u0119\u015bci<\/li>\n<li><b>WIEK \/ LICZB\u0118<\/b>\u00a0&#8211; w \u015brodkowej cz\u0119\u015bci<\/li>\n<\/ul>\n<p>Rycerskie sygnowanie na dole jest symbolem si\u0142y i odwagi, ale je\u015bli chcia\u0142bym zamie\u015bci\u0107 inny symbol &#8211;\u00a0<b>r\u00f3wnie\u017c jest to mo\u017cliwe!<\/b><\/p>\n<p><b>Masz inny pomys\u0142 na grawer? Napisz i uzgodnij szczeg\u00f3\u0142y!<\/b><\/p>\n<h2>Nadal si\u0119 zastanawiasz? Zobacz to!<\/h2>\n<ul>\n<li>Piersi\u00f3wka 210ml\u00a0<b>ze stali nierdzewnej<\/b><\/li>\n<li>Stylowe\u00a0<b>obszycie sk\u00f3r\u0105 ekologiczn\u0105<\/b><\/li>\n<li><b>Personalizowany\u00a0<\/b>grawer, dopasowany do ka\u017cdej okazji<\/li>\n<li>Przepi\u0119kne pude\u0142ko z\u00a0<b>litego drewna<\/b><\/li>\n<li>Pude\u0142ko\u00a0<b>r\u0119cznie malowane<\/b><\/li>\n<\/ul>\n<p>&nbsp;<\/p>\n","protected":false},"excerpt":{"rendered":"<p>Szukasz wyj\u0105tkowego prezentu dla m\u0119\u017cczyzny? Ta<b>\u00a0piersi\u00f3wka z personalizowanym grawerem<\/b>\u00a0to idealny wyb\u00f3r! Wykonana z wysokiej jako\u015bci stali nierdzewnej i obszyta eleganck\u0105, czarn\u0105 ekosk\u00f3r\u0105, prezentuje si\u0119 niezwykle stylowo. Dzi\u0119ki trwa\u0142emu i precyzyjnemu grawerowi, np. z imieniem solenizanta i wiekiem, stanie si\u0119 niepowtarzaln\u0105 pami\u0105tk\u0105<b>\u00a0na d\u0142ugie lata.<\/b><\/p>\n","protected":false},"featured_media":439,"comment_status":"open","ping_status":"closed","template":"","meta":[],"product_brand":[],"product_cat":[45,62],"product_tag":[],"class_list":{"0":"post-426","1":"product","2":"type-product","3":"status-publish","4":"has-post-thumbnail","6":"product_cat-okazjonalne","7":"product_cat-pomysl-na-prezent","9":"first","10":"instock","11":"shipping-taxable","12":"purchasable","13":"product-type-simple"},"_links":{"self":[{"href":"https:\/\/micodesign.pl\/index.php?rest_route=\/wp\/v2\/product\/426","targetHints":{"allow":["GET"]}}],"collection":[{"href":"https:\/\/micodesign.pl\/index.php?rest_route=\/wp\/v2\/product"}],"about":[{"href":"https:\/\/micodesign.pl\/index.php?rest_route=\/wp\/v2\/types\/product"}],"replies":[{"embeddable":true,"href":"https:\/\/micodesign.pl\/index.php?rest_route=%2Fwp%2Fv2%2Fcomments&post=426"}],"wp:featuredmedia":[{"embeddable":true,"href":"https:\/\/micodesign.pl\/index.php?rest_route=\/wp\/v2\/media\/439"}],"wp:attachment":[{"href":"https:\/\/micodesign.pl\/index.php?rest_route=%2Fwp%2Fv2%2Fmedia&parent=426"}],"wp:term":[{"taxonomy":"product_brand","embeddable":true,"href":"https:\/\/micodesign.pl\/index.php?rest_route=%2Fwp%2Fv2%2Fproduct_brand&post=426"},{"taxonomy":"product_cat","embeddable":true,"href":"https:\/\/micodesign.pl\/index.php?rest_route=%2Fwp%2Fv2%2Fproduct_cat&post=426"},{"taxonomy":"product_tag","embeddable":true,"href":"https:\/\/micodesign.pl\/index.php?rest_route=%2Fwp%2Fv2%2Fproduct_tag&post=426"}],"curies":[{"name":"wp","href":"https:\/\/api.w.org\/{rel}","templated":true}]}}