{"id":422,"date":"2026-02-13T12:17:22","date_gmt":"2026-02-13T12:17:22","guid":{"rendered":"https:\/\/micodesign.pl\/?post_type=product&#038;p=422"},"modified":"2026-02-13T21:17:40","modified_gmt":"2026-02-13T21:17:40","slug":"stojak-na-jajka-pisanki-wielkanocne","status":"publish","type":"product","link":"https:\/\/micodesign.pl\/?product=stojak-na-jajka-pisanki-wielkanocne","title":{"rendered":"Stojak na jajka \/ pisanki wielkanocne"},"content":{"rendered":"<h1>STOJAK PODSTAWKA NA JAJKA<\/h1>\n<h2>DEKORACJA NA WIELKANOC | 8 JAJEK<\/h2>\n<p>Przepi\u0119kna podstawka na jajka wykonana z naturalnego drewna idealnie wpasuje si\u0119 w ka\u017cde wn\u0119trze. Dekoracja na Wielkanoc w naturalnym stylu to prawdziwy must have.<\/p>\n<p><b>D\u0142ugo\u015b\u0107 \/ szeroko\u015b\u0107:\u00a0<\/b>21&#215;10 cm<b>\u00a0| Wysoko\u015b\u0107:\u00a0<\/b>14 cm<\/p>\n<p>\u015arednica otwor\u00f3w na jajka &#8211; ok. 32mm<\/p>\n<p>Produkt wycinany metod\u0105 laserow\u0105, wykonywany w 100% w ma\u0142ej, polskiej firmie z polskim kapita\u0142em.<\/p>\n<h2>WYSOKA JAKO\u015a\u0106 | POLSKA PRODUKCJA<\/h2>\n<p>Ka\u017cdy stojak na jajka wykonany jest z czterech element\u00f3w, do samodzielnego z\u0142o\u017cenia. Sam proces sk\u0142adanie zajmuje zaledwie kilkadziesi\u0105t sekund &#8211; jest to bardzo proste i intuicyjne.<\/p>\n<p><b>Jeste\u015bmy producentem, a wi\u0119c dajemy gwarancj\u0119 najwy\u017cszej jako\u015bci!<\/b><\/p>\n<h2>DLACZEGO W\u0141A\u015aNIE NASZE DEKORACJE?<\/h2>\n<ul>\n<li><b>WYSOKA JAKO\u015a\u0106<\/b>\u00a0&#8211; nasze produkty zawsze poddawane s\u0105 weryfikacji przed wysy\u0142k\u0105. Sprzedajemy tylko produkty o najwy\u017cszej jako\u015bci!<\/li>\n<li><b>INTUICYJNE I SZYBKIE SK\u0141ADANIE<\/b>\u00a0&#8211; ca\u0142a podstawka sk\u0142ada si\u0119 tylko z czterech element\u00f3w, a jej z\u0142o\u017cenie jest bardzo proste i szybkie.<\/li>\n<li><b>NATURALNE DREWNO<\/b>\u00a0&#8211; produkt wykonany jest z naturalnej sklejki brzozowej o gr. 3mm. Nie jest to \u017cadna p\u0142yta HDF o niskiej jako\u015bci!<\/li>\n<li><b>SZYBKA REALIZACJA<\/b>\u00a0&#8211; jeste\u015bmy producentem, dlatego umo\u017cliwiamy szybk\u0105 realizacj\u0119 nawet wi\u0119kszych zam\u00f3wie\u0144.<\/li>\n<\/ul>\n<h1>SAMODZIELNE SK\u0141ADANIE<\/h1>\n<p>W trosce o bezpiecze\u0144stwo naszych przesy\u0142ek niekt\u00f3re produkty musimy wysy\u0142a\u0107 do samodzielnego monta\u017cu. Ka\u017cdy proces monta\u017cu jest jednak przemy\u015blany tak, aby mo\u017cna by\u0142o go wykona\u0107 szybko i intuicyjnie.<\/p>\n<h1>DODATKOWA ATRAKCJA<\/h1>\n<p>Samodzielny monta\u017c to nie wada, a zaleta! Mo\u017cesz dzi\u0119ki temu zapewni\u0107 dodatkow\u0105 atrakcj\u0119 dla swoich dzieci i zaj\u0105\u0107 im czas przed Wielkanoc\u0105.<\/p>\n","protected":false},"excerpt":{"rendered":"<p>Ka\u017cdy stojak na jajka wykonany jest z czterech element\u00f3w, do samodzielnego z\u0142o\u017cenia. Sam proces sk\u0142adanie zajmuje zaledwie kilkadziesi\u0105t sekund &#8211; jest to bardzo proste i intuicyjne.<\/p>\n","protected":false},"featured_media":423,"comment_status":"open","ping_status":"closed","template":"","meta":[],"product_brand":[],"product_cat":[46,48],"product_tag":[],"class_list":{"0":"post-422","1":"product","2":"type-product","3":"status-publish","4":"has-post-thumbnail","6":"product_cat-ozdoby-swiateczne","7":"product_cat-na-wielkanoc","9":"first","10":"instock","11":"shipping-taxable","12":"purchasable","13":"product-type-simple"},"_links":{"self":[{"href":"https:\/\/micodesign.pl\/index.php?rest_route=\/wp\/v2\/product\/422","targetHints":{"allow":["GET"]}}],"collection":[{"href":"https:\/\/micodesign.pl\/index.php?rest_route=\/wp\/v2\/product"}],"about":[{"href":"https:\/\/micodesign.pl\/index.php?rest_route=\/wp\/v2\/types\/product"}],"replies":[{"embeddable":true,"href":"https:\/\/micodesign.pl\/index.php?rest_route=%2Fwp%2Fv2%2Fcomments&post=422"}],"wp:featuredmedia":[{"embeddable":true,"href":"https:\/\/micodesign.pl\/index.php?rest_route=\/wp\/v2\/media\/423"}],"wp:attachment":[{"href":"https:\/\/micodesign.pl\/index.php?rest_route=%2Fwp%2Fv2%2Fmedia&parent=422"}],"wp:term":[{"taxonomy":"product_brand","embeddable":true,"href":"https:\/\/micodesign.pl\/index.php?rest_route=%2Fwp%2Fv2%2Fproduct_brand&post=422"},{"taxonomy":"product_cat","embeddable":true,"href":"https:\/\/micodesign.pl\/index.php?rest_route=%2Fwp%2Fv2%2Fproduct_cat&post=422"},{"taxonomy":"product_tag","embeddable":true,"href":"https:\/\/micodesign.pl\/index.php?rest_route=%2Fwp%2Fv2%2Fproduct_tag&post=422"}],"curies":[{"name":"wp","href":"https:\/\/api.w.org\/{rel}","templated":true}]}}