{"id":418,"date":"2026-02-13T12:05:26","date_gmt":"2026-02-13T12:05:26","guid":{"rendered":"https:\/\/micodesign.pl\/?post_type=product&#038;p=418"},"modified":"2026-02-13T21:17:00","modified_gmt":"2026-02-13T21:17:00","slug":"kroliczek-wielkanocny","status":"publish","type":"product","link":"https:\/\/micodesign.pl\/?product=kroliczek-wielkanocny","title":{"rendered":"Kr\u00f3liczek wielkanocny"},"content":{"rendered":"<h1>STOJ\u0104CY KR\u00d3LICZEK ZAJ\u0104CZEK<\/h1>\n<h2>DEKORACJA NA WIELKANOC<\/h2>\n<p>Przepi\u0119kny, drewniany kr\u00f3liczek to oryginalna dekoracja w naturalnym stylu. Rustykalne ozdoby maj\u0105 dusz\u0119 i charakter, kt\u00f3ry jest niepowtarzalny. Idealnie wpasuje si\u0119 w ka\u017cde wn\u0119trze.<\/p>\n<p><b>Wymiary przybli\u017cone:\u00a0<\/b>8,5 x 6,5\u00a0cm<\/p>\n<p><b>Materia\u0142:\u00a0<\/b>wysokiej jako\u015bci sklejka brzozowa 3mm<\/p>\n<p>Produkt wycinany metod\u0105 laserow\u0105, wykonywany w 100% w ma\u0142ej, polskiej firmie z polskim kapita\u0142em.<\/p>\n<h2>WYSOKA JAKO\u015a\u0106 | POLSKA PRODUKCJA<\/h2>\n<p>Ka\u017cdy kr\u00f3liczek posiada stylizowan\u0105 n\u00f3\u017ck\u0119, dzi\u0119ki kt\u00f3rej stabilnie, samodzielnie stoi.<\/p>\n","protected":false},"excerpt":{"rendered":"<p>Przepi\u0119kny, drewniany kr\u00f3liczek to oryginalna dekoracja w naturalnym stylu. Rustykalne ozdoby maj\u0105 dusz\u0119 i charakter, kt\u00f3ry jest niepowtarzalny. Idealnie wpasuje si\u0119 w ka\u017cde wn\u0119trze.<\/p>\n","protected":false},"featured_media":421,"comment_status":"open","ping_status":"closed","template":"","meta":[],"product_brand":[],"product_cat":[46,48],"product_tag":[],"class_list":{"0":"post-418","1":"product","2":"type-product","3":"status-publish","4":"has-post-thumbnail","6":"product_cat-ozdoby-swiateczne","7":"product_cat-na-wielkanoc","9":"first","10":"instock","11":"shipping-taxable","12":"purchasable","13":"product-type-simple"},"_links":{"self":[{"href":"https:\/\/micodesign.pl\/index.php?rest_route=\/wp\/v2\/product\/418","targetHints":{"allow":["GET"]}}],"collection":[{"href":"https:\/\/micodesign.pl\/index.php?rest_route=\/wp\/v2\/product"}],"about":[{"href":"https:\/\/micodesign.pl\/index.php?rest_route=\/wp\/v2\/types\/product"}],"replies":[{"embeddable":true,"href":"https:\/\/micodesign.pl\/index.php?rest_route=%2Fwp%2Fv2%2Fcomments&post=418"}],"wp:featuredmedia":[{"embeddable":true,"href":"https:\/\/micodesign.pl\/index.php?rest_route=\/wp\/v2\/media\/421"}],"wp:attachment":[{"href":"https:\/\/micodesign.pl\/index.php?rest_route=%2Fwp%2Fv2%2Fmedia&parent=418"}],"wp:term":[{"taxonomy":"product_brand","embeddable":true,"href":"https:\/\/micodesign.pl\/index.php?rest_route=%2Fwp%2Fv2%2Fproduct_brand&post=418"},{"taxonomy":"product_cat","embeddable":true,"href":"https:\/\/micodesign.pl\/index.php?rest_route=%2Fwp%2Fv2%2Fproduct_cat&post=418"},{"taxonomy":"product_tag","embeddable":true,"href":"https:\/\/micodesign.pl\/index.php?rest_route=%2Fwp%2Fv2%2Fproduct_tag&post=418"}],"curies":[{"name":"wp","href":"https:\/\/api.w.org\/{rel}","templated":true}]}}