{"id":415,"date":"2026-02-13T11:43:48","date_gmt":"2026-02-13T11:43:48","guid":{"rendered":"https:\/\/micodesign.pl\/?post_type=product&#038;p=415"},"modified":"2026-02-13T21:16:36","modified_gmt":"2026-02-13T21:16:36","slug":"jajko-zajaczek-na-wielkanoc-8cm","status":"publish","type":"product","link":"https:\/\/micodesign.pl\/?product=jajko-zajaczek-na-wielkanoc-8cm","title":{"rendered":"Jajko &#8211; zaj\u0105czek na Wielkanoc 8cm"},"content":{"rendered":"<h1>DEKORACJA NA WIELKANOC<\/h1>\n<h2>KR\u00d3LICZEK \/ ZAJ\u0104CZEK \/ JAJKO WIELKANOCNE<\/h2>\n<p>Drewniane jajko z motywem zaj\u0105czka \/ kr\u00f3liczka to wspania\u0142a dekoracja, kt\u00f3ra charakteryzuje si\u0119 nisk\u0105 cen\u0105 oraz subteln\u0105 estetyk\u0105.<\/p>\n<p><b>Wymiary przybli\u017cone:\u00a0<\/b>8 x 6 cm<\/p>\n<p><b>Materia\u0142:\u00a0<\/b>wysokiej jako\u015bci sklejka brzozowa 3mm<\/p>\n<p>Produkt wycinany metod\u0105 laserow\u0105, wykonywany w 100% w ma\u0142ej, polskiej firmie z polskim kapita\u0142em.<\/p>\n<h2>WYSOKA JAKO\u015a\u0106 | POLSKA PRODUKCJA<\/h2>\n<p>Ka\u017cde jajko posiada podstawk\u0119, dzi\u0119ki kt\u00f3rej mo\u017cna go postawi\u0107.<\/p>\n","protected":false},"excerpt":{"rendered":"<p>Drewniane jajko z motywem zaj\u0105czka \/ kr\u00f3liczka to wspania\u0142a dekoracja, kt\u00f3ra charakteryzuje si\u0119 nisk\u0105 cen\u0105 oraz subteln\u0105 estetyk\u0105.<\/p>\n","protected":false},"featured_media":417,"comment_status":"open","ping_status":"closed","template":"","meta":[],"product_brand":[],"product_cat":[46,48],"product_tag":[],"class_list":{"0":"post-415","1":"product","2":"type-product","3":"status-publish","4":"has-post-thumbnail","6":"product_cat-ozdoby-swiateczne","7":"product_cat-na-wielkanoc","9":"first","10":"instock","11":"shipping-taxable","12":"purchasable","13":"product-type-simple"},"_links":{"self":[{"href":"https:\/\/micodesign.pl\/index.php?rest_route=\/wp\/v2\/product\/415","targetHints":{"allow":["GET"]}}],"collection":[{"href":"https:\/\/micodesign.pl\/index.php?rest_route=\/wp\/v2\/product"}],"about":[{"href":"https:\/\/micodesign.pl\/index.php?rest_route=\/wp\/v2\/types\/product"}],"replies":[{"embeddable":true,"href":"https:\/\/micodesign.pl\/index.php?rest_route=%2Fwp%2Fv2%2Fcomments&post=415"}],"wp:featuredmedia":[{"embeddable":true,"href":"https:\/\/micodesign.pl\/index.php?rest_route=\/wp\/v2\/media\/417"}],"wp:attachment":[{"href":"https:\/\/micodesign.pl\/index.php?rest_route=%2Fwp%2Fv2%2Fmedia&parent=415"}],"wp:term":[{"taxonomy":"product_brand","embeddable":true,"href":"https:\/\/micodesign.pl\/index.php?rest_route=%2Fwp%2Fv2%2Fproduct_brand&post=415"},{"taxonomy":"product_cat","embeddable":true,"href":"https:\/\/micodesign.pl\/index.php?rest_route=%2Fwp%2Fv2%2Fproduct_cat&post=415"},{"taxonomy":"product_tag","embeddable":true,"href":"https:\/\/micodesign.pl\/index.php?rest_route=%2Fwp%2Fv2%2Fproduct_tag&post=415"}],"curies":[{"name":"wp","href":"https:\/\/api.w.org\/{rel}","templated":true}]}}