{"id":412,"date":"2026-02-13T19:05:58","date_gmt":"2026-02-13T19:05:58","guid":{"rendered":"https:\/\/micodesign.pl\/?post_type=product&#038;p=412"},"modified":"2026-02-13T19:05:59","modified_gmt":"2026-02-13T19:05:59","slug":"krolik-stojak-na-jajko","status":"publish","type":"product","link":"https:\/\/micodesign.pl\/?product=krolik-stojak-na-jajko","title":{"rendered":"Kr\u00f3lik &#8211; stojak na jajko"},"content":{"rendered":"<h1>DEKORACJA NA WIELKANOC<\/h1>\n<h2>KR\u00d3LICZEK \/ ZAJ\u0104CZEK \/ STOJAK NA JAJKO<\/h2>\n<p>Przepi\u0119kny, drewniany kr\u00f3liczek to oryginalna dekoracja, pe\u0142ni\u0105ca r\u00f3wnie\u017c funkcj\u0119 stojaka na jajko. Kr\u00f3liczki mo\u017cna wykorzysta\u0107 zar\u00f3wno w domu, jak i w szko\u0142ach czy przedszkolach.<\/p>\n<p><b>Wymiary przybli\u017cone:\u00a0<\/b>17 x 9 cm<\/p>\n<p>Produkt wycinany metod\u0105 laserow\u0105, wykonywany w 100% w ma\u0142ej, polskiej firmie z polskim kapita\u0142em.<\/p>\n<h2>WYSOKA JAKO\u015a\u0106 | POLSKA PRODUKCJA<\/h2>\n<p>Ka\u017cdy kr\u00f3liczek wysy\u0142any jest w czterech elementach do z\u0142o\u017cenia. Z\u0142o\u017cenie zajmuje zaledwie kilkana\u015bcie sekund i nie jest niczym skomplikowanym, wi\u0119c ka\u017cdy z pewno\u015bci\u0105 sobie poradzi \ud83d\ude42<\/p>\n","protected":false},"excerpt":{"rendered":"<p>Idealna &#8211; subtelna, a zarazem efektowna dekoracja, kt\u00f3ra doda uroku na ka\u017cdym wielkanocnym stole. Kr\u00f3liczki wykonywane s\u0105 z wysokiej jako\u015bci sklejki brzozowej o gr. 3mm.<\/p>\n","protected":false},"featured_media":413,"comment_status":"open","ping_status":"closed","template":"","meta":[],"product_brand":[],"product_cat":[46,48],"product_tag":[],"class_list":{"0":"post-412","1":"product","2":"type-product","3":"status-publish","4":"has-post-thumbnail","6":"product_cat-ozdoby-swiateczne","7":"product_cat-na-wielkanoc","9":"first","10":"instock","11":"shipping-taxable","12":"purchasable","13":"product-type-simple"},"_links":{"self":[{"href":"https:\/\/micodesign.pl\/index.php?rest_route=\/wp\/v2\/product\/412","targetHints":{"allow":["GET"]}}],"collection":[{"href":"https:\/\/micodesign.pl\/index.php?rest_route=\/wp\/v2\/product"}],"about":[{"href":"https:\/\/micodesign.pl\/index.php?rest_route=\/wp\/v2\/types\/product"}],"replies":[{"embeddable":true,"href":"https:\/\/micodesign.pl\/index.php?rest_route=%2Fwp%2Fv2%2Fcomments&post=412"}],"wp:featuredmedia":[{"embeddable":true,"href":"https:\/\/micodesign.pl\/index.php?rest_route=\/wp\/v2\/media\/413"}],"wp:attachment":[{"href":"https:\/\/micodesign.pl\/index.php?rest_route=%2Fwp%2Fv2%2Fmedia&parent=412"}],"wp:term":[{"taxonomy":"product_brand","embeddable":true,"href":"https:\/\/micodesign.pl\/index.php?rest_route=%2Fwp%2Fv2%2Fproduct_brand&post=412"},{"taxonomy":"product_cat","embeddable":true,"href":"https:\/\/micodesign.pl\/index.php?rest_route=%2Fwp%2Fv2%2Fproduct_cat&post=412"},{"taxonomy":"product_tag","embeddable":true,"href":"https:\/\/micodesign.pl\/index.php?rest_route=%2Fwp%2Fv2%2Fproduct_tag&post=412"}],"curies":[{"name":"wp","href":"https:\/\/api.w.org\/{rel}","templated":true}]}}