{"id":393,"date":"2026-02-07T07:39:34","date_gmt":"2026-02-07T07:39:34","guid":{"rendered":"https:\/\/micodesign.pl\/?post_type=product&#038;p=393"},"modified":"2026-02-07T08:00:53","modified_gmt":"2026-02-07T08:00:53","slug":"cennik-z-wymiennymi-cenami-do-gabinetu","status":"publish","type":"product","link":"https:\/\/micodesign.pl\/?product=cennik-z-wymiennymi-cenami-do-gabinetu","title":{"rendered":"Cennik z wymiennymi cenami do gabinetu"},"content":{"rendered":"<p>Nowoczesny, elegancki i dopasowany do Twoich potrzeb\u00a0<b>cennik\u00a0<\/b>doskonale sprawdzi si\u0119 szczeg\u00f3lnie w gabinetach bran\u017cy\u00a0<b>beauty<\/b>.<\/p>\n<p>Tabliczka w\u00a0<b>formacie A4<\/b>\u00a0nie tylko przepi\u0119knie si\u0119 prezentuje, ale r\u00f3wnie\u017c jest czytelna i praktyczna.<\/p>\n<p><b>\u2705 Materia\u0142:\u00a0<\/b>najwy\u017cszej jako\u015bci szk\u0142o akrylowe<\/p>\n<p><b>\u2705 Wymiary:\u00a0<\/b>ok. 30 x 20 cm<\/p>\n<p><b>\u2705 Nadruk UV<\/b>\u00a0&#8211; bezpo\u015brednio na materiale<\/p>\n<p><b>\u2705 WYMIENNY PASEK Z CENAMI\u00a0<\/b>&#8211; praktyczny dodatek!<\/p>\n<p><b>\u2705 Twoje LOGO lub nazwa firmy<\/b><\/p>\n<h2>NAJWY\u017bSZA JAKO\u015a\u0106 I R\u0118CZNA PRECYZJA<\/h2>\n<p>Elementy wycinane laserowo, druk UV oraz r\u0119cznie naklejanie litery to gwarancja najwy\u017cszej jako\u015bci. Ka\u017cda tabliczka &#8211; cennik jest wykonywana dok\u0142adnie pod Twoje wymagania.<\/p>\n<h2>CENNIK DO GABINETU KOSMETYCZNEGO<\/h2>\n<p>Idealny cennik to taki, kt\u00f3ry b\u0119dzie widoczny,\u00a0<b>czytelny<\/b>, estetyczny, a tak\u017ce\u00a0<b>praktyczny<\/b>. Wykonany przez nas cennik doskonale si\u0119 prezentuje, a przy tym zachowuje praktyczno\u015b\u0107, dzi\u0119ki\u00a0<b>wymiennemu paskowi z cenami\u00a0<\/b>oraz wolnostoj\u0105cej konstrukcji.<\/p>\n<p>G\u00f3rna cz\u0119\u015b\u0107 tabliczki jest\u00a0<b>wk\u0142adana<\/b>\u00a0w podstawk\u0119, dzi\u0119ki czemu mo\u017cesz \u0142atwo schowa\u0107 lub przenie\u015b\u0107 cennik w inne miejsce.<\/p>\n<h2>DOST\u0118PNE R\u00d3\u017bNE KOLORY I DEKORY<\/h2>\n<p>Ka\u017cdy cennik jest wykonany dok\u0142adnie pod Ciebie, dlatego masz mo\u017cliwo\u015b\u0107 wyboru jak b\u0119dzie wygl\u0105da\u0142. Kolorystyka dost\u0119pna od r\u0119ki:<\/p>\n<p><b>\u2705 Bia\u0142y po\u0142ysk<\/b><\/p>\n<p><b>\u2705 Czarny po\u0142ysk<\/b><\/p>\n<p><b>\u2705 Czarny mat<\/b><\/p>\n<p><b>Dodatki lustrzane:\u00a0<\/b>z\u0142ote lub srebrne.<\/p>\n<p>Potrzebujesz innych kolor\u00f3w? Jeste\u015bmy w stanie dopasowa\u0107 ofert\u0119 po uzgodnieniu.<\/p>\n","protected":false},"excerpt":{"rendered":"<p>Cennik dedykowany do gabinet\u00f3w z bran\u017cy <strong>beauty<\/strong>, ale nie tylko. Mo\u017cliwo\u015b\u0107 indywidualnego dopasowania kolorystyki, logo, a tak\u017ce rozmieszczenia cennika sprawia, \u017ce otrzymujesz produkt idealnie dopasowany do Twoich potrzeb.<\/p>\n<p><strong>Logo<\/strong> oraz <strong>list\u0119 cen<\/strong> nale\u017cy przes\u0142a\u0107 na nasz adres e-mail: biuro@micodesign.pl .<\/p>\n<p>&nbsp;<\/p>\n","protected":false},"featured_media":400,"comment_status":"open","ping_status":"closed","template":"","meta":[],"product_brand":[],"product_cat":[43,38],"product_tag":[],"class_list":{"0":"post-393","1":"product","2":"type-product","3":"status-publish","4":"has-post-thumbnail","6":"product_cat-informacyjne","7":"product_cat-tabliczki","9":"first","10":"instock","11":"sale","12":"shipping-taxable","13":"purchasable","14":"product-type-variable"},"_links":{"self":[{"href":"https:\/\/micodesign.pl\/index.php?rest_route=\/wp\/v2\/product\/393","targetHints":{"allow":["GET"]}}],"collection":[{"href":"https:\/\/micodesign.pl\/index.php?rest_route=\/wp\/v2\/product"}],"about":[{"href":"https:\/\/micodesign.pl\/index.php?rest_route=\/wp\/v2\/types\/product"}],"replies":[{"embeddable":true,"href":"https:\/\/micodesign.pl\/index.php?rest_route=%2Fwp%2Fv2%2Fcomments&post=393"}],"wp:featuredmedia":[{"embeddable":true,"href":"https:\/\/micodesign.pl\/index.php?rest_route=\/wp\/v2\/media\/400"}],"wp:attachment":[{"href":"https:\/\/micodesign.pl\/index.php?rest_route=%2Fwp%2Fv2%2Fmedia&parent=393"}],"wp:term":[{"taxonomy":"product_brand","embeddable":true,"href":"https:\/\/micodesign.pl\/index.php?rest_route=%2Fwp%2Fv2%2Fproduct_brand&post=393"},{"taxonomy":"product_cat","embeddable":true,"href":"https:\/\/micodesign.pl\/index.php?rest_route=%2Fwp%2Fv2%2Fproduct_cat&post=393"},{"taxonomy":"product_tag","embeddable":true,"href":"https:\/\/micodesign.pl\/index.php?rest_route=%2Fwp%2Fv2%2Fproduct_tag&post=393"}],"curies":[{"name":"wp","href":"https:\/\/api.w.org\/{rel}","templated":true}]}}