{"id":379,"date":"2026-02-05T16:32:06","date_gmt":"2026-02-05T16:32:06","guid":{"rendered":"https:\/\/micodesign.pl\/?post_type=product&#038;p=379"},"modified":"2026-02-05T16:35:12","modified_gmt":"2026-02-05T16:35:12","slug":"wieczna-roza-led-rozne-kolory","status":"publish","type":"product","link":"https:\/\/micodesign.pl\/?product=wieczna-roza-led-rozne-kolory","title":{"rendered":"Wieczna R\u00f3\u017ca LED &#8211; r\u00f3\u017cne kolory"},"content":{"rendered":"<h1>WIECZNA R\u00d3\u017bA LED<\/h1>\n<h2>PRZEPI\u0118KNY PREZENT na wiele okazji<\/h2>\n<p>Poszukujesz oryginalnego, wyr\u00f3\u017cniaj\u0105cego si\u0119 prezentu dla bliskiej Ci osoby? Proponujemy niezwykle eleganck\u0105, pod\u015bwietlon\u0105 diodami LED r\u00f3\u017c\u0119, kt\u00f3ra zachwyca swoim urokiem!<\/p>\n<p><b>ZASILANIE przez USB lub na baterie<\/b><\/p>\n<p><b>Do wyboru r\u00f3\u017cne kolory:<\/b><\/p>\n<p><b>\u2705 Czerwony<\/b><\/p>\n<p><b>\u2705 Jasny r\u00f3\u017cowy<\/b><\/p>\n<p><b>\u2705 Ciemny r\u00f3\u017cowy<\/b><\/p>\n<p><b>\u2705 Bia\u0142y<\/b><\/p>\n<h2>R\u00d3\u017bA w dekoracyjnej kopule z p\u0142atkami<\/h2>\n<p>Cho\u0107 jest oczywi\u015bcie\u00a0<b>WIECZNA<\/b>, a wi\u0119c wykonana z tworzywa to prezentuje si\u0119 naprawd\u0119\u00a0<b>niesamowicie<\/b>! Uroku dodaj\u0105 r\u00f3wnie\u017c rozsypane, ruchome p\u0142atki w dolnej cz\u0119\u015bci.<\/p>\n<h1>\u015aWIEC\u0104CA WIECZNA R\u00d3\u017bA<\/h1>\n<p>Nasze r\u00f3\u017ce wyr\u00f3\u017cniaj\u0105 si\u0119 przede wszystkim wysok\u0105 jako\u015bci\u0105, doskona\u0142ym materia\u0142em oraz o\u015bwietleniem diodami\u00a0<b>LED<\/b>, kt\u00f3re dodaj\u0105 uroku &#8211; zw\u0142aszcza po zmroku. Prezentujemy realne zdj\u0119cia produktu, dzi\u0119ki czemu unikniesz jakiegokolwiek rozczarowania!<\/p>\n<p><b>Wymiary:<\/b><\/p>\n<ul>\n<li>Wysoko\u015b\u0107: 22 cm<\/li>\n<li>\u015arednica: 11 cm<\/li>\n<\/ul>\n<p><b>Wieczna R\u00f3\u017ca\u00a0<\/b>mo\u017ce by\u0107 zasilana za pomoc\u0105 baterii (nie s\u0105 one w zestawie) lub przez<b>\u00a0kabel USB do\u0142\u0105czony w zestawie!<\/b><\/p>\n<h1>DOSKONA\u0141Y POMYS\u0141 NA PREZENT<\/h1>\n<p><b>R\u00f3\u017ca jest gotowa do wr\u0119czenia!<\/b><\/p>\n<p>Nasze r\u00f3\u017ce pakowane s\u0105 w dekoracyjne opakowanie ze sznureczkiem &#8211; dok\u0142adnie takim, jak w torbach prezentowych.\u00a0<b>Dzi\u0119ki temu otrzymujesz prezent gotowy do wr\u0119czenia!<\/b><\/p>\n","protected":false},"excerpt":{"rendered":"<p>WIECZNA R\u00d3\u017bA LED PRZEPI\u0118KNY PREZENT na wiele okazji Poszukujesz oryginalnego, wyr\u00f3\u017cniaj\u0105cego si\u0119 prezentu dla bliskiej Ci osoby? Proponujemy niezwykle eleganck\u0105, pod\u015bwietlon\u0105 diodami LED r\u00f3\u017c\u0119, kt\u00f3ra zachwyca swoim urokiem! ZASILANIE przez USB lub na baterie Do wyboru r\u00f3\u017cne kolory: \u2705 Czerwony \u2705 Jasny r\u00f3\u017cowy \u2705 Ciemny r\u00f3\u017cowy \u2705 Bia\u0142y R\u00d3\u017bA w dekoracyjnej kopule z p\u0142atkami Cho\u0107 &hellip; <\/p>\n","protected":false},"featured_media":380,"comment_status":"open","ping_status":"closed","template":"","meta":[],"product_brand":[],"product_cat":[45,62],"product_tag":[],"class_list":{"0":"post-379","1":"product","2":"type-product","3":"status-publish","4":"has-post-thumbnail","6":"product_cat-okazjonalne","7":"product_cat-pomysl-na-prezent","9":"first","10":"instock","11":"shipping-taxable","12":"purchasable","13":"product-type-variable"},"_links":{"self":[{"href":"https:\/\/micodesign.pl\/index.php?rest_route=\/wp\/v2\/product\/379","targetHints":{"allow":["GET"]}}],"collection":[{"href":"https:\/\/micodesign.pl\/index.php?rest_route=\/wp\/v2\/product"}],"about":[{"href":"https:\/\/micodesign.pl\/index.php?rest_route=\/wp\/v2\/types\/product"}],"replies":[{"embeddable":true,"href":"https:\/\/micodesign.pl\/index.php?rest_route=%2Fwp%2Fv2%2Fcomments&post=379"}],"wp:featuredmedia":[{"embeddable":true,"href":"https:\/\/micodesign.pl\/index.php?rest_route=\/wp\/v2\/media\/380"}],"wp:attachment":[{"href":"https:\/\/micodesign.pl\/index.php?rest_route=%2Fwp%2Fv2%2Fmedia&parent=379"}],"wp:term":[{"taxonomy":"product_brand","embeddable":true,"href":"https:\/\/micodesign.pl\/index.php?rest_route=%2Fwp%2Fv2%2Fproduct_brand&post=379"},{"taxonomy":"product_cat","embeddable":true,"href":"https:\/\/micodesign.pl\/index.php?rest_route=%2Fwp%2Fv2%2Fproduct_cat&post=379"},{"taxonomy":"product_tag","embeddable":true,"href":"https:\/\/micodesign.pl\/index.php?rest_route=%2Fwp%2Fv2%2Fproduct_tag&post=379"}],"curies":[{"name":"wp","href":"https:\/\/api.w.org\/{rel}","templated":true}]}}