{"id":371,"date":"2026-02-05T07:40:53","date_gmt":"2026-02-05T07:40:53","guid":{"rendered":"https:\/\/micodesign.pl\/?post_type=product&#038;p=371"},"modified":"2026-02-05T07:40:53","modified_gmt":"2026-02-05T07:40:53","slug":"tablica-korona-gor-polski","status":"publish","type":"product","link":"https:\/\/micodesign.pl\/?product=tablica-korona-gor-polski","title":{"rendered":"Tablica Korona G\u00f3r Polski"},"content":{"rendered":"<h2>Korona G\u00f3r Polski &#8211; ramka na zdj\u0119cia<\/h2>\n<p>Jeste\u015b fanem g\u00f3rskich\u00a0<b>w\u0119dr\u00f3wek<\/b>, a mo\u017ce chcesz zrobi\u0107 wyj\u0105tkowy\u00a0<b>prezent dla podr\u00f3\u017cnika<\/b>? Nasza tablica Korona G\u00f3r Polski to doskona\u0142a pami\u0105tka, dzi\u0119ki kt\u00f3rej w jednym miejscu znale\u017a\u0107 si\u0119 mog\u0105 pami\u0105tkowe zdj\u0119cia z ka\u017cdego z 28 szczyt\u00f3w!<\/p>\n<h2>SOLIDNA I TRWA\u0141A PAMI\u0104TKA NA LATA!<\/h2>\n<p><b>\u2705 Wymiary:\u00a0<\/b>60 x 38cm<\/p>\n<p><b>\u2705 Grubo\u015b\u0107 a\u017c 8mm !<\/b><\/p>\n<p><b>\u2705 28 szczyt\u00f3w &#8211; Korona G\u00f3r Polski<\/b><\/p>\n<p><b>\u2705 Doskona\u0142y prezent i pami\u0105tka w jednym!<\/b><\/p>\n<h2>PREZENT DLA M\u0118\u017bA \/ \u017bONY \/ MI\u0141O\u015aNIKA G\u00d3R<\/h2>\n<p><b>Zdj\u0119cia\u00a0<\/b>s\u0105 najlepsz\u0105 pami\u0105tk\u0105, a mo\u017cliwo\u015b\u0107 ich skolekcjonowania na jednej tablicy to dopiero co\u015b! Stw\u00f3rz z nami<b>\u00a0idealny prezent\u00a0<\/b>dla m\u0119\u017ca, \u017cony, ch\u0142opaka, dziewczyny, narzeczonej, wujka, ciotki czy kuzyna&#8230; nie wa\u017cnego dla kogo &#8211; wa\u017cne, \u017ce w wyj\u0105tkowy spos\u00f3b!<\/p>\n<p><b>\u2705 R\u0119cznie dopracowane detale<\/b><\/p>\n<p><b>\u2705 Wymiar jednej ramki na zdj\u0119cie:\u00a0<\/b>45&#215;45 mm<\/p>\n<p><b>\u2705 Naturalna sklejka + lakierowany HDF<\/b><\/p>\n<p><b>\u2705 Ca\u0142o\u015b\u0107 wyszlifowana, bez przypale\u0144!<\/b><\/p>\n<p><b>Tablic\u0119 mo\u017cna \u0142atwo i szybko zamontowa\u0107 na \u015bcianie, dzi\u0119ki gotowym otworom do zawieszenia.<\/b><\/p>\n<p>Baz\u0105 do wykonania tablicy jest sklejka o gr. 5mm oraz p\u0142yta HDF o gr. 3mm, dzi\u0119ki czemu ca\u0142o\u015b\u0107 ma grubo\u015b\u0107 a\u017c 9mm i niesamowicie zyskuje na sztywno\u015bci!<\/p>\n","protected":false},"excerpt":{"rendered":"<p>Tablica <strong>Korona G\u00f3r Polski<\/strong> to doskona\u0142y pomys\u0142 na prezent i pami\u0105tk\u0119 z g\u00f3rskich w\u0119dr\u00f3wek. A\u017c <strong>28 okienek<\/strong> pozwala na wklejenie zdj\u0119\u0107 z dok\u0142adnie wszystkich szczyt\u00f3w Korony G\u00f3r Polski.<\/p>\n","protected":false},"featured_media":372,"comment_status":"open","ping_status":"closed","template":"","meta":[],"product_brand":[],"product_cat":[45,62],"product_tag":[],"class_list":{"0":"post-371","1":"product","2":"type-product","3":"status-publish","4":"has-post-thumbnail","6":"product_cat-okazjonalne","7":"product_cat-pomysl-na-prezent","9":"first","10":"instock","11":"sale","12":"shipping-taxable","13":"purchasable","14":"product-type-simple"},"_links":{"self":[{"href":"https:\/\/micodesign.pl\/index.php?rest_route=\/wp\/v2\/product\/371","targetHints":{"allow":["GET"]}}],"collection":[{"href":"https:\/\/micodesign.pl\/index.php?rest_route=\/wp\/v2\/product"}],"about":[{"href":"https:\/\/micodesign.pl\/index.php?rest_route=\/wp\/v2\/types\/product"}],"replies":[{"embeddable":true,"href":"https:\/\/micodesign.pl\/index.php?rest_route=%2Fwp%2Fv2%2Fcomments&post=371"}],"wp:featuredmedia":[{"embeddable":true,"href":"https:\/\/micodesign.pl\/index.php?rest_route=\/wp\/v2\/media\/372"}],"wp:attachment":[{"href":"https:\/\/micodesign.pl\/index.php?rest_route=%2Fwp%2Fv2%2Fmedia&parent=371"}],"wp:term":[{"taxonomy":"product_brand","embeddable":true,"href":"https:\/\/micodesign.pl\/index.php?rest_route=%2Fwp%2Fv2%2Fproduct_brand&post=371"},{"taxonomy":"product_cat","embeddable":true,"href":"https:\/\/micodesign.pl\/index.php?rest_route=%2Fwp%2Fv2%2Fproduct_cat&post=371"},{"taxonomy":"product_tag","embeddable":true,"href":"https:\/\/micodesign.pl\/index.php?rest_route=%2Fwp%2Fv2%2Fproduct_tag&post=371"}],"curies":[{"name":"wp","href":"https:\/\/api.w.org\/{rel}","templated":true}]}}