{"id":362,"date":"2026-02-02T11:00:51","date_gmt":"2026-02-02T11:00:51","guid":{"rendered":"https:\/\/micodesign.pl\/?post_type=product&#038;p=362"},"modified":"2026-02-04T20:45:55","modified_gmt":"2026-02-04T20:45:55","slug":"instrukcja-ogolna-przeciwpozarowa","status":"publish","type":"product","link":"https:\/\/micodesign.pl\/?product=instrukcja-ogolna-przeciwpozarowa","title":{"rendered":"Instrukcja OG\u00d3LNA PRZECIWPO\u017bAROWA"},"content":{"rendered":"<p>Poszukujesz nowoczesnej, wytrzyma\u0142ej oraz estetycznej tabliczki informacyjnej? Instrukcja og\u00f3lna przeciwpo\u017carowa wykonana w eleganckiej, z\u0142otej stylistyce oraz charakteryzuj\u0105cej si\u0119 niesamowitym efektem lustrzanym to produkt, kt\u00f3ry doskonale wpasuje si\u0119 styl glamour.<\/p>\n<p><b>INSTRUKCJA OG\u00d3LNA PRZECIWPO\u017bAROWA<\/b><\/p>\n<p><b><img decoding=\"async\" class=\"emoji\" role=\"img\" draggable=\"false\" src=\"https:\/\/s.w.org\/images\/core\/emoji\/16.0.1\/svg\/1f538.svg\" alt=\"\ud83d\udd38\" \/> Materia\u0142:<\/b> szk\u0142o akrylowe (tzw. plexi)<\/p>\n<p><b><img decoding=\"async\" class=\"emoji\" role=\"img\" draggable=\"false\" src=\"https:\/\/s.w.org\/images\/core\/emoji\/16.0.1\/svg\/1f538.svg\" alt=\"\ud83d\udd38\" \/> Napisy<\/b>: z\u0142ote lustro + druk UV<\/p>\n<p><b><img decoding=\"async\" class=\"emoji\" role=\"img\" draggable=\"false\" src=\"https:\/\/s.w.org\/images\/core\/emoji\/16.0.1\/svg\/1f538.svg\" alt=\"\ud83d\udd38\" \/> Wymiary do wyboru: <\/b>A4 lub A3<\/p>\n<p>Nasze tabliczki oraz instrukcje doskonale nadaj\u0105 si\u0119 zar\u00f3wno do salon\u00f3w urody, szk\u00f3\u0142, szpitali, jak i innych obiekt\u00f3w publicznych.<\/p>\n<h2>100% POLSKI PRODUKT | WYSOKA JAKO\u015a\u0106<\/h2>\n<p>Nasze tabliczki oraz instrukcje s\u0105 wyj\u0105tkowe nie tylko przez efekt jaki sob\u0105 reprezentuj\u0105, ale r\u00f3wnie\u017c dlatego \u017ce jest to poniek\u0105d manufaktura. Cho\u0107 litery, jak i piktogramy wycinane s\u0105 nowoczesn\u0105 metod\u0105 laserow\u0105 to ich monta\u017c jest wykonywane w<strong> 100% r\u0119cznie.<\/strong> Ka\u017cda literka stanowi oddzielny element &#8211; mo\u017cna wi\u0119c sobie wyobrazi\u0107 jak wiele precyzyjnej pracy nale\u017cy w\u0142o\u017cy\u0107 w wykonanie cho\u0107by jednego takiego produktu!<\/p>\n","protected":false},"excerpt":{"rendered":"<p>Instrukcja og\u00f3lna przeciwpo\u017carowa w stylu glamour, ze z\u0142otymi, lustrzanymi napisami oraz trwa\u0142ym nadrukiem UV\u00a0 doskonale sprawdzi si\u0119 w przestrzeni publicznej.<\/p>\n","protected":false},"featured_media":365,"comment_status":"open","ping_status":"closed","template":"","meta":[],"product_brand":[],"product_cat":[59,38],"product_tag":[],"class_list":{"0":"post-362","1":"product","2":"type-product","3":"status-publish","4":"has-post-thumbnail","6":"product_cat-instrukcje","7":"product_cat-tabliczki","9":"first","10":"instock","11":"shipping-taxable","12":"purchasable","13":"product-type-variable"},"_links":{"self":[{"href":"https:\/\/micodesign.pl\/index.php?rest_route=\/wp\/v2\/product\/362","targetHints":{"allow":["GET"]}}],"collection":[{"href":"https:\/\/micodesign.pl\/index.php?rest_route=\/wp\/v2\/product"}],"about":[{"href":"https:\/\/micodesign.pl\/index.php?rest_route=\/wp\/v2\/types\/product"}],"replies":[{"embeddable":true,"href":"https:\/\/micodesign.pl\/index.php?rest_route=%2Fwp%2Fv2%2Fcomments&post=362"}],"wp:featuredmedia":[{"embeddable":true,"href":"https:\/\/micodesign.pl\/index.php?rest_route=\/wp\/v2\/media\/365"}],"wp:attachment":[{"href":"https:\/\/micodesign.pl\/index.php?rest_route=%2Fwp%2Fv2%2Fmedia&parent=362"}],"wp:term":[{"taxonomy":"product_brand","embeddable":true,"href":"https:\/\/micodesign.pl\/index.php?rest_route=%2Fwp%2Fv2%2Fproduct_brand&post=362"},{"taxonomy":"product_cat","embeddable":true,"href":"https:\/\/micodesign.pl\/index.php?rest_route=%2Fwp%2Fv2%2Fproduct_cat&post=362"},{"taxonomy":"product_tag","embeddable":true,"href":"https:\/\/micodesign.pl\/index.php?rest_route=%2Fwp%2Fv2%2Fproduct_tag&post=362"}],"curies":[{"name":"wp","href":"https:\/\/api.w.org\/{rel}","templated":true}]}}