{"id":298,"date":"2026-01-30T16:34:00","date_gmt":"2026-01-30T16:34:00","guid":{"rendered":"https:\/\/micodesign.pl\/?post_type=product&#038;p=298"},"modified":"2026-01-30T16:34:00","modified_gmt":"2026-01-30T16:34:00","slug":"tabliczka-na-drzwi-kuchnia-jadalnia","status":"publish","type":"product","link":"https:\/\/micodesign.pl\/?product=tabliczka-na-drzwi-kuchnia-jadalnia","title":{"rendered":"Tabliczka na drzwi &#8211; KUCHNIA \/ JADALNIA"},"content":{"rendered":"<h2>Opis<\/h2>\n<p class=\"\" data-start=\"335\" data-end=\"529\">Szukasz estetycznej i trwa\u0142ej\u00a0<strong data-start=\"365\" data-end=\"395\">tabliczki na drzwi do kuchni \/ jadalni lub pomieszczenia socjalnego<\/strong>? Nasz produkt to idealne rozwi\u0105zanie dla os\u00f3b, kt\u00f3re ceni\u0105 sobie\u00a0<strong data-start=\"461\" data-end=\"482\">nowoczesny design<\/strong>,\u00a0<strong data-start=\"484\" data-end=\"511\">wysok\u0105 jako\u015b\u0107 wykonania<\/strong>\u00a0i stylowy wygl\u0105d.<\/p>\n<p class=\"\" data-start=\"531\" data-end=\"787\"><strong data-start=\"531\" data-end=\"552\">Tabliczka <\/strong>zosta\u0142a wykonana z solidnego\u00a0<strong data-start=\"582\" data-end=\"610\">szk\u0142a akrylowego (plexi)<\/strong> w eleganckim bia\u0142ym kolorze. Z\u0142ote, <strong>lustrzane<\/strong> <b>Piktogramy <\/b>nadaj\u0105 jej ekskluzywny charakter w stylu <strong data-start=\"705\" data-end=\"716\">glamour<\/strong>, kt\u00f3ry doskonale komponuje si\u0119 z nowoczesnymi i klasycznymi wn\u0119trzami.<\/p>\n<p class=\"\" data-start=\"789\" data-end=\"922\"><img decoding=\"async\" class=\"emoji\" role=\"img\" draggable=\"false\" src=\"https:\/\/s.w.org\/images\/core\/emoji\/16.0.1\/svg\/1f538.svg\" alt=\"\ud83d\udd38\" \/>\u00a0<strong data-start=\"792\" data-end=\"804\">Materia\u0142<\/strong>: szk\u0142o akrylowe (plexi)<br data-start=\"828\" data-end=\"831\" \/><img decoding=\"async\" class=\"emoji\" role=\"img\" draggable=\"false\" src=\"https:\/\/s.w.org\/images\/core\/emoji\/16.0.1\/svg\/1f538.svg\" alt=\"\ud83d\udd38\" \/> <b>Piktogramy<\/b>: z\u0142ote lustro<br data-start=\"858\" data-end=\"861\" \/><img decoding=\"async\" class=\"emoji\" role=\"img\" draggable=\"false\" src=\"https:\/\/s.w.org\/images\/core\/emoji\/16.0.1\/svg\/1f538.svg\" alt=\"\ud83d\udd38\" \/>\u00a0<strong data-start=\"864\" data-end=\"875\">Wymiary<\/strong>: 20 x 8 cm lub 30 x 12 cm \u2013 doskona\u0142a widoczno\u015b\u0107 ju\u017c z daleka<\/p>\n<p class=\"\" data-start=\"1124\" data-end=\"1234\"><img decoding=\"async\" class=\"emoji\" role=\"img\" draggable=\"false\" src=\"https:\/\/s.w.org\/images\/core\/emoji\/16.0.1\/svg\/2705.svg\" alt=\"\u2705\" \/>\u00a0100% POLSKI PRODUKT<br data-start=\"1145\" data-end=\"1148\" \/><img decoding=\"async\" class=\"emoji\" role=\"img\" draggable=\"false\" src=\"https:\/\/s.w.org\/images\/core\/emoji\/16.0.1\/svg\/2705.svg\" alt=\"\u2705\" \/>\u00a0R\u0119czne wykonanie z dba\u0142o\u015bci\u0105 o detale<br data-start=\"1187\" data-end=\"1190\" \/><img decoding=\"async\" class=\"emoji\" role=\"img\" draggable=\"false\" src=\"https:\/\/s.w.org\/images\/core\/emoji\/16.0.1\/svg\/2705.svg\" alt=\"\u2705\" \/>\u00a0Odporna na zarysowania i \u0142atwa w monta\u017cu<\/p>\n<p class=\"\" data-start=\"1236\" data-end=\"1393\">Postaw na jako\u015b\u0107 i styl \u2013 wybierz\u00a0<strong data-start=\"1270\" data-end=\"1320\">tabliczk\u0119 na drzwi ze szk\u0142a akrylowego<\/strong>, kt\u00f3ra b\u0119dzie funkcjonalnym i dekoracyjnym elementem Twojej przestrzeni.<\/p>\n","protected":false},"excerpt":{"rendered":"<p>Elegancka tabliczka na drzwi do jadalni \/ kuchni lub pomieszczenia socjalnego wykonana z bia\u0142ego szk\u0142a akrylowego (plexi) z efektownym z\u0142otym lustrem. Styl glamour, trwa\u0142o\u015b\u0107 i widoczno\u015b\u0107 \u2013 idealna do biura, lokalu i przestrzeni publicznych. Polski produkt, r\u0119cznie wykonany.<\/p>\n","protected":false},"featured_media":316,"comment_status":"open","ping_status":"closed","template":"","meta":[],"product_brand":[],"product_cat":[39,38],"product_tag":[],"class_list":{"0":"post-298","1":"product","2":"type-product","3":"status-publish","4":"has-post-thumbnail","6":"product_cat-nadrzwi","7":"product_cat-tabliczki","9":"first","10":"instock","11":"shipping-taxable","12":"purchasable","13":"product-type-variable"},"_links":{"self":[{"href":"https:\/\/micodesign.pl\/index.php?rest_route=\/wp\/v2\/product\/298","targetHints":{"allow":["GET"]}}],"collection":[{"href":"https:\/\/micodesign.pl\/index.php?rest_route=\/wp\/v2\/product"}],"about":[{"href":"https:\/\/micodesign.pl\/index.php?rest_route=\/wp\/v2\/types\/product"}],"replies":[{"embeddable":true,"href":"https:\/\/micodesign.pl\/index.php?rest_route=%2Fwp%2Fv2%2Fcomments&post=298"}],"wp:featuredmedia":[{"embeddable":true,"href":"https:\/\/micodesign.pl\/index.php?rest_route=\/wp\/v2\/media\/316"}],"wp:attachment":[{"href":"https:\/\/micodesign.pl\/index.php?rest_route=%2Fwp%2Fv2%2Fmedia&parent=298"}],"wp:term":[{"taxonomy":"product_brand","embeddable":true,"href":"https:\/\/micodesign.pl\/index.php?rest_route=%2Fwp%2Fv2%2Fproduct_brand&post=298"},{"taxonomy":"product_cat","embeddable":true,"href":"https:\/\/micodesign.pl\/index.php?rest_route=%2Fwp%2Fv2%2Fproduct_cat&post=298"},{"taxonomy":"product_tag","embeddable":true,"href":"https:\/\/micodesign.pl\/index.php?rest_route=%2Fwp%2Fv2%2Fproduct_tag&post=298"}],"curies":[{"name":"wp","href":"https:\/\/api.w.org\/{rel}","templated":true}]}}