{"id":293,"date":"2026-01-29T19:55:44","date_gmt":"2026-01-29T19:55:44","guid":{"rendered":"https:\/\/micodesign.pl\/?post_type=product&#038;p=293"},"modified":"2026-02-22T20:37:06","modified_gmt":"2026-02-22T20:37:06","slug":"tabliczka-na-drzwi-gabinet-z-numerem","status":"publish","type":"product","link":"https:\/\/micodesign.pl\/?product=tabliczka-na-drzwi-gabinet-z-numerem","title":{"rendered":"Tabliczka na drzwi GABINET z numerem"},"content":{"rendered":"<p class=\"\" data-start=\"335\" data-end=\"529\">Szukasz estetycznej i trwa\u0142ej <strong data-start=\"365\" data-end=\"395\">tabliczki GABINET z numerem na drzwi<\/strong>? Nasz produkt to idealne rozwi\u0105zanie dla os\u00f3b, kt\u00f3re ceni\u0105 sobie <strong data-start=\"461\" data-end=\"482\">nowoczesny design<\/strong>, <strong data-start=\"484\" data-end=\"511\">wysok\u0105 jako\u015b\u0107 wykonania<\/strong> i stylowy wygl\u0105d.<\/p>\n<p class=\"\" data-start=\"531\" data-end=\"787\"><strong data-start=\"531\" data-end=\"552\">Tabliczka GABINET <\/strong>zosta\u0142a wykonana z solidnego <strong data-start=\"582\" data-end=\"610\">szk\u0142a akrylowego (plexi)<\/strong> w eleganckim bia\u0142ym kolorze. Z\u0142ote, lustrzane napisy nadaj\u0105 jej ekskluzywny charakter w stylu <strong data-start=\"705\" data-end=\"716\">glamour<\/strong>, kt\u00f3ry doskonale komponuje si\u0119 z nowoczesnymi i klasycznymi wn\u0119trzami.<\/p>\n<p class=\"\" data-start=\"789\" data-end=\"922\">\ud83d\udd38 <strong data-start=\"792\" data-end=\"804\">Materia\u0142<\/strong>: szk\u0142o akrylowe (plexi)<br data-start=\"828\" data-end=\"831\" \/>\ud83d\udd38 <strong data-start=\"834\" data-end=\"844\">Napisy<\/strong>: z\u0142ote lustro<br data-start=\"858\" data-end=\"861\" \/>\ud83d\udd38 <strong data-start=\"864\" data-end=\"875\">Wymiary<\/strong>: 20 x 8 cm lub 30 x 12 cm \u2013 doskona\u0142a widoczno\u015b\u0107 ju\u017c z daleka<\/p>\n<p class=\"\" data-start=\"924\" data-end=\"1122\">Nasza <strong data-start=\"930\" data-end=\"960\">tabliczka na drzwi do gabinetu <\/strong>sprawdzi si\u0119 idealnie w takich miejscach jak:<br data-start=\"1006\" data-end=\"1009\" \/>\u2013 przychodnie lekarskie i szpitale<br data-start=\"1029\" data-end=\"1032\" \/>\u2013 poradnie medyczne<br data-start=\"1045\" data-end=\"1048\" \/>\u2013 salony kosmetyczne i fryzjerskie<br data-start=\"1082\" data-end=\"1085\" \/>\u2013 przestrzenie komercyjne i publiczne<\/p>\n<p class=\"\" data-start=\"1124\" data-end=\"1234\">\u2705 100% POLSKI PRODUKT<br data-start=\"1145\" data-end=\"1148\" \/>\u2705 R\u0119czne wykonanie z dba\u0142o\u015bci\u0105 o detale<br data-start=\"1187\" data-end=\"1190\" \/>\u2705 Odporna na zarysowania i \u0142atwa w monta\u017cu<\/p>\n<p class=\"\" data-start=\"1236\" data-end=\"1393\">Postaw na jako\u015b\u0107 i styl \u2013 wybierz <strong data-start=\"1270\" data-end=\"1320\">tabliczk\u0119 na drzwi GABINET ze szk\u0142a akrylowego<\/strong>, kt\u00f3ra b\u0119dzie funkcjonalnym i dekoracyjnym elementem Twojej przestrzeni.<\/p>\n","protected":false},"excerpt":{"rendered":"<p>Szukasz estetycznej i trwa\u0142ej tabliczki GABINET z numerem na drzwi? Nasz produkt to idealne rozwi\u0105zanie dla os\u00f3b, kt\u00f3re ceni\u0105 sobie nowoczesny design, wysok\u0105 jako\u015b\u0107 wykonania i stylowy wygl\u0105d. Tabliczka GABINET zosta\u0142a wykonana z solidnego szk\u0142a akrylowego (plexi) w eleganckim bia\u0142ym kolorze. Z\u0142ote, lustrzane napisy nadaj\u0105 jej ekskluzywny charakter w stylu glamour, kt\u00f3ry doskonale komponuje si\u0119 &hellip; <\/p>\n","protected":false},"featured_media":295,"comment_status":"open","ping_status":"closed","template":"","meta":[],"product_brand":[],"product_cat":[39,38],"product_tag":[],"class_list":{"0":"post-293","1":"product","2":"type-product","3":"status-publish","4":"has-post-thumbnail","6":"product_cat-nadrzwi","7":"product_cat-tabliczki","9":"first","10":"instock","11":"shipping-taxable","12":"purchasable","13":"product-type-simple"},"_links":{"self":[{"href":"https:\/\/micodesign.pl\/index.php?rest_route=\/wp\/v2\/product\/293","targetHints":{"allow":["GET"]}}],"collection":[{"href":"https:\/\/micodesign.pl\/index.php?rest_route=\/wp\/v2\/product"}],"about":[{"href":"https:\/\/micodesign.pl\/index.php?rest_route=\/wp\/v2\/types\/product"}],"replies":[{"embeddable":true,"href":"https:\/\/micodesign.pl\/index.php?rest_route=%2Fwp%2Fv2%2Fcomments&post=293"}],"wp:featuredmedia":[{"embeddable":true,"href":"https:\/\/micodesign.pl\/index.php?rest_route=\/wp\/v2\/media\/295"}],"wp:attachment":[{"href":"https:\/\/micodesign.pl\/index.php?rest_route=%2Fwp%2Fv2%2Fmedia&parent=293"}],"wp:term":[{"taxonomy":"product_brand","embeddable":true,"href":"https:\/\/micodesign.pl\/index.php?rest_route=%2Fwp%2Fv2%2Fproduct_brand&post=293"},{"taxonomy":"product_cat","embeddable":true,"href":"https:\/\/micodesign.pl\/index.php?rest_route=%2Fwp%2Fv2%2Fproduct_cat&post=293"},{"taxonomy":"product_tag","embeddable":true,"href":"https:\/\/micodesign.pl\/index.php?rest_route=%2Fwp%2Fv2%2Fproduct_tag&post=293"}],"curies":[{"name":"wp","href":"https:\/\/api.w.org\/{rel}","templated":true}]}}