{"id":269,"date":"2025-06-30T12:50:00","date_gmt":"2025-06-30T12:50:00","guid":{"rendered":"https:\/\/micodesign.pl\/?post_type=product&#038;p=269"},"modified":"2025-06-30T12:51:07","modified_gmt":"2025-06-30T12:51:07","slug":"numerki-na-stoliki-do-restauracji","status":"publish","type":"product","link":"https:\/\/micodesign.pl\/?product=numerki-na-stoliki-do-restauracji","title":{"rendered":"Numerki na stoliki do restauracji"},"content":{"rendered":"<p data-start=\"262\" data-end=\"561\">Nowoczesne <strong data-start=\"273\" data-end=\"306\">tabliczki &#8211; numery stolik\u00f3w<\/strong>\u00a0to niezast\u0105piony element wyposa\u017cenia ka\u017cdej restauracji, kawiarni, bistro czy punktu gastronomicznego. Wykonane z <strong data-start=\"421\" data-end=\"459\">bia\u0142ego<\/strong> lub<strong data-start=\"421\" data-end=\"459\"> czarnego szk\u0142a akrylowego w po\u0142ysku<\/strong>, numerki maj\u0105 <strong data-start=\"474\" data-end=\"509\">wysoko\u015b\u0107 11 cm i szeroko\u015b\u0107 8 cm<\/strong>, co zapewnia ich <strong data-start=\"527\" data-end=\"560\">doskona\u0142\u0105 widoczno\u015b\u0107 na stole<\/strong>.<\/p>\n<p data-start=\"563\" data-end=\"856\">Solidna konstrukcja z jednego elementu gwarantuje <strong data-start=\"613\" data-end=\"638\">stabilno\u015b\u0107 i trwa\u0142o\u015b\u0107<\/strong>, a <strong data-start=\"642\" data-end=\"667\">bezpo\u015bredni nadruk UV<\/strong> zapewnia odporno\u015b\u0107 na \u015bcieranie, r\u00f3wnie\u017c w warunkach zewn\u0119trznych. <strong data-start=\"735\" data-end=\"799\">Minimalistyczna forma i stonowana kolorystyka<\/strong>\u00a0sprawiaj\u0105, \u017ce numerki pasuj\u0105 do ka\u017cdego wystroju lokalu.<\/p>\n<p data-start=\"858\" data-end=\"1002\"><strong data-start=\"858\" data-end=\"883\">100% polska produkcja<\/strong> to gwarancja jako\u015bci \u2013 zadbaj o profesjonalny wizerunek swojej restauracji dzi\u0119ki naszym eleganckim numerkom na sto\u0142y!<\/p>\n","protected":false},"excerpt":{"rendered":"<p data-start=\"243\" data-end=\"372\">Eleganckie numerki na stoliki z trwa\u0142ego szk\u0142a akrylowego. Widoczne, stabilne, z nadrukiem UV. Idealne do restauracji i kawiarni.<\/p>\n","protected":false},"featured_media":274,"comment_status":"open","ping_status":"closed","template":"","meta":[],"product_brand":[],"product_cat":[58,38],"product_tag":[],"class_list":{"0":"post-269","1":"product","2":"type-product","3":"status-publish","4":"has-post-thumbnail","6":"product_cat-na-stoly","7":"product_cat-tabliczki","8":"product_shipping_class-a","10":"first","11":"instock","12":"sale","13":"shipping-taxable","14":"purchasable","15":"product-type-variable"},"_links":{"self":[{"href":"https:\/\/micodesign.pl\/index.php?rest_route=\/wp\/v2\/product\/269","targetHints":{"allow":["GET"]}}],"collection":[{"href":"https:\/\/micodesign.pl\/index.php?rest_route=\/wp\/v2\/product"}],"about":[{"href":"https:\/\/micodesign.pl\/index.php?rest_route=\/wp\/v2\/types\/product"}],"replies":[{"embeddable":true,"href":"https:\/\/micodesign.pl\/index.php?rest_route=%2Fwp%2Fv2%2Fcomments&post=269"}],"wp:featuredmedia":[{"embeddable":true,"href":"https:\/\/micodesign.pl\/index.php?rest_route=\/wp\/v2\/media\/274"}],"wp:attachment":[{"href":"https:\/\/micodesign.pl\/index.php?rest_route=%2Fwp%2Fv2%2Fmedia&parent=269"}],"wp:term":[{"taxonomy":"product_brand","embeddable":true,"href":"https:\/\/micodesign.pl\/index.php?rest_route=%2Fwp%2Fv2%2Fproduct_brand&post=269"},{"taxonomy":"product_cat","embeddable":true,"href":"https:\/\/micodesign.pl\/index.php?rest_route=%2Fwp%2Fv2%2Fproduct_cat&post=269"},{"taxonomy":"product_tag","embeddable":true,"href":"https:\/\/micodesign.pl\/index.php?rest_route=%2Fwp%2Fv2%2Fproduct_tag&post=269"}],"curies":[{"name":"wp","href":"https:\/\/api.w.org\/{rel}","templated":true}]}}