{"id":260,"date":"2025-06-30T12:23:43","date_gmt":"2025-06-30T12:23:43","guid":{"rendered":"https:\/\/micodesign.pl\/?post_type=product&#038;p=260"},"modified":"2025-06-30T12:29:16","modified_gmt":"2025-06-30T12:29:16","slug":"tabliczka-informacyjna-rezerwacja","status":"publish","type":"product","link":"https:\/\/micodesign.pl\/?product=tabliczka-informacyjna-rezerwacja","title":{"rendered":"Tabliczka informacyjna REZERWACJA"},"content":{"rendered":"<p>Tabliczka informacyjna z napisem &#8222;Rezerwacja&#8221; to produkt o nowoczesnym wygl\u0105dzie, charakteryzuj\u0105cy si\u0119 trwa\u0142o\u015bci\u0105 oraz wysok\u0105 jako\u015bci\u0105 wykonania. Uniwersalna kolorystyka sprawia, \u017ce produkt doskonale wpasuje si\u0119 w niemal ka\u017cde wn\u0119trze.<\/p>\n<p><b>Szeroko\u015b\u0107:\u00a0<\/b>15 cm |\u00a0<b>Wysoko\u015b\u0107:\u00a0<\/b>5 cm<\/p>\n<h2>TRWA\u0141Y, BEZPO\u015aREDNI NADRUK UV<\/h2>\n<p>Tabliczki wykonywane s\u0105 ze szk\u0142a akrylowego, nast\u0119pnie bezpo\u015brednio na nich nadrukowywany jest napis (nie jest to \u017cadna naklejka!), a ostatnim etapem produkcji jest ich gi\u0119cie pod wysok\u0105 temperatur\u0105. Taka technologia produkcji pozwala na zachowanie trwa\u0142o\u015bci oraz wytrzyma\u0142o\u015bci przez d\u0142ugi czas.<\/p>\n<h2>NOWOCZESNE WYPOSA\u017bENIE RESTAURACJI<\/h2>\n<p>Wiemy jak wa\u017cny jest styl&#8230; oczywi\u015bcie nic nie zast\u0105pi smacznej kuchni, ale prawdziwy restaurator wie jak istotn\u0105 rol\u0119 graj\u0105 detale! Jako producent tworzymy wi\u0119c produkty, kt\u00f3re z charakteru maj\u0105 stanowi\u0107 idealne dope\u0142nienie restauracyjnych wn\u0119trz.<\/p>\n<h2>SOLIDNE, TRWA\u0141E I WIDOCZNE<\/h2>\n<p>Ka\u017cda tabliczka stoi samodzielnie oraz jest wykonana z jednego elementu, wyginanego na kszta\u0142t\u00a0<b>litery V<\/b>. Takie rozwi\u0105zanie sprawia, \u017ce tabliczka rezerwacja stolika jest stabilna i solidna.<\/p>\n<p>Materia\u0142 jakim jest<b>\u00a0szk\u0142o akrylowe<\/b>\u00a0to tworzywo sztuczne, kt\u00f3re nie ulega \u0142atwym uszkodzeniom. Bardzo ci\u0119\u017cko jest go z\u0142ama\u0107. Co wi\u0119cej, napisy wykonywane s\u0105 nowoczesn\u0105 technologi\u0105 bezpo\u015bredniego druku UV, dzi\u0119ki czemu tak\u017ce s\u0105 niezwykle trwa\u0142e!<\/p>\n<p>Tabliczki informacyjne za zadanie maj\u0105 jasno i prosto wskaza\u0107 go\u015bciom, \u017ce dany stolik jest ju\u017c zaj\u0119ty. Powinny by\u0107 wi\u0119c widoczne. W przeciwie\u0144stwie do konkurencji nasze tabliczki maj\u0105\u00a0<b>szeroko\u015b\u0107 a\u017c 15cm!<\/b><\/p>\n","protected":false},"excerpt":{"rendered":"<p>Tabliczka informacyjna <strong data-start=\"178\" data-end=\"194\">&#8222;Rezerwacja&#8221;<\/strong> wykonana z <strong data-start=\"206\" data-end=\"234\">bia\u0142ego <\/strong>lub <strong data-start=\"206\" data-end=\"234\">czarnego szk\u0142a akrylowego<\/strong> (grubo\u015b\u0107 2 mm) to idealne rozwi\u0105zanie do <strong data-start=\"276\" data-end=\"327\">restauracji, kawiarni i lokali gastronomicznych<\/strong>. Dzi\u0119ki nowoczesnemu <strong data-start=\"349\" data-end=\"363\">drukowi UV<\/strong> bezpo\u015brednio na powierzchni oraz formie litery V, produkt jest <strong data-start=\"427\" data-end=\"472\">stabilny, wytrzyma\u0142y i doskonale widoczny<\/strong> na stole. Wymiary: 15 \u00d7 5 cm.<\/p>\n","protected":false},"featured_media":263,"comment_status":"open","ping_status":"closed","template":"","meta":[],"product_brand":[],"product_cat":[58,38],"product_tag":[],"class_list":{"0":"post-260","1":"product","2":"type-product","3":"status-publish","4":"has-post-thumbnail","6":"product_cat-na-stoly","7":"product_cat-tabliczki","8":"product_shipping_class-a","10":"first","11":"instock","12":"shipping-taxable","13":"purchasable","14":"product-type-variable"},"_links":{"self":[{"href":"https:\/\/micodesign.pl\/index.php?rest_route=\/wp\/v2\/product\/260","targetHints":{"allow":["GET"]}}],"collection":[{"href":"https:\/\/micodesign.pl\/index.php?rest_route=\/wp\/v2\/product"}],"about":[{"href":"https:\/\/micodesign.pl\/index.php?rest_route=\/wp\/v2\/types\/product"}],"replies":[{"embeddable":true,"href":"https:\/\/micodesign.pl\/index.php?rest_route=%2Fwp%2Fv2%2Fcomments&post=260"}],"wp:featuredmedia":[{"embeddable":true,"href":"https:\/\/micodesign.pl\/index.php?rest_route=\/wp\/v2\/media\/263"}],"wp:attachment":[{"href":"https:\/\/micodesign.pl\/index.php?rest_route=%2Fwp%2Fv2%2Fmedia&parent=260"}],"wp:term":[{"taxonomy":"product_brand","embeddable":true,"href":"https:\/\/micodesign.pl\/index.php?rest_route=%2Fwp%2Fv2%2Fproduct_brand&post=260"},{"taxonomy":"product_cat","embeddable":true,"href":"https:\/\/micodesign.pl\/index.php?rest_route=%2Fwp%2Fv2%2Fproduct_cat&post=260"},{"taxonomy":"product_tag","embeddable":true,"href":"https:\/\/micodesign.pl\/index.php?rest_route=%2Fwp%2Fv2%2Fproduct_tag&post=260"}],"curies":[{"name":"wp","href":"https:\/\/api.w.org\/{rel}","templated":true}]}}