{"id":215,"date":"2025-04-18T20:17:04","date_gmt":"2025-04-18T20:17:04","guid":{"rendered":"https:\/\/micodesign.pl\/?post_type=product&#038;p=215"},"modified":"2026-02-18T09:50:06","modified_gmt":"2026-02-18T09:50:06","slug":"tabliczka-na-drzwi-twoj-napis","status":"publish","type":"product","link":"https:\/\/micodesign.pl\/?product=tabliczka-na-drzwi-twoj-napis","title":{"rendered":"Tabliczka na drzwi &#8211; TW\u00d3J NAPIS"},"content":{"rendered":"<p class=\"\" data-start=\"335\" data-end=\"529\">Szukasz estetycznej i trwa\u0142ej <strong data-start=\"365\" data-end=\"395\">tabliczki na drzwi z Twoim dowolnym napisem<\/strong>? Nasz produkt to idealne rozwi\u0105zanie dla os\u00f3b, kt\u00f3re ceni\u0105 sobie <strong data-start=\"461\" data-end=\"482\">nowoczesny design<\/strong>, <strong data-start=\"484\" data-end=\"511\">wysok\u0105 jako\u015b\u0107 wykonania<\/strong> i stylowy wygl\u0105d.<\/p>\n<p class=\"\" data-start=\"531\" data-end=\"787\"><strong data-start=\"531\" data-end=\"552\">Tabliczka na drzwi<\/strong>\u00a0zosta\u0142a wykonana z solidnego <strong data-start=\"582\" data-end=\"610\">szk\u0142a akrylowego (plexi)<\/strong> w eleganckim bia\u0142ym kolorze. Z\u0142ote, lustrzane napisy nadaj\u0105 jej ekskluzywny charakter w stylu <strong data-start=\"705\" data-end=\"716\">glamour<\/strong>, kt\u00f3ry doskonale komponuje si\u0119 z nowoczesnymi i klasycznymi wn\u0119trzami.<\/p>\n<p class=\"\" data-start=\"789\" data-end=\"922\">\ud83d\udd38 <strong data-start=\"792\" data-end=\"804\">Materia\u0142<\/strong>: szk\u0142o akrylowe (plexi)<br data-start=\"828\" data-end=\"831\" \/>\ud83d\udd38 <strong data-start=\"834\" data-end=\"844\">Napisy<\/strong>: z\u0142ote lustro<br data-start=\"858\" data-end=\"861\" \/>\ud83d\udd38 <strong data-start=\"864\" data-end=\"875\">Wymiary<\/strong>: 20 x 8 cm lub 30 x 12 cm \u2013 doskona\u0142a widoczno\u015b\u0107 ju\u017c z daleka<\/p>\n<p class=\"\" data-start=\"924\" data-end=\"1122\">Nasza <strong data-start=\"930\" data-end=\"960\">tabliczka na drzwi<\/strong>\u00a0sprawdzi si\u0119 idealnie w takich miejscach jak:<br data-start=\"1006\" data-end=\"1009\" \/>\u2013 biura<br data-start=\"1016\" data-end=\"1019\" \/>\u2013 gabinety<br data-start=\"1029\" data-end=\"1032\" \/>\u2013 restauracje<br data-start=\"1045\" data-end=\"1048\" \/>\u2013 salony kosmetyczne i fryzjerskie<br data-start=\"1082\" data-end=\"1085\" \/>\u2013 przestrzenie komercyjne i publiczne<\/p>\n<p class=\"\" data-start=\"1124\" data-end=\"1234\">\u2705 100% POLSKI PRODUKT<br data-start=\"1145\" data-end=\"1148\" \/>\u2705 R\u0119czne wykonanie z dba\u0142o\u015bci\u0105 o detale<br data-start=\"1187\" data-end=\"1190\" \/>\u2705 Odporna na zarysowania i \u0142atwa w monta\u017cu<\/p>\n<p class=\"\" data-start=\"1236\" data-end=\"1393\">Postaw na jako\u015b\u0107 i styl \u2013 wybierz <strong>personalizowan\u0105 tabliczk\u0119 na drzwi<\/strong> z Twoim dowolnym napisem, kt\u00f3ra b\u0119dzie funkcjonalnym i dekoracyjnym elementem Twojej przestrzeni.<\/p>\n","protected":false},"excerpt":{"rendered":"<p>Elegancka tabliczka na drzwi <strong>Z TWOIM DOWOLNYM NAPISEM<\/strong> wykonana z bia\u0142ego szk\u0142a akrylowego (plexi) z efektownym z\u0142otym lustrem. Styl glamour, trwa\u0142o\u015b\u0107 i widoczno\u015b\u0107 \u2013 idealna do biura, lokalu i przestrzeni publicznych. Polski produkt, r\u0119cznie wykonany.<\/p>\n","protected":false},"featured_media":220,"comment_status":"open","ping_status":"closed","template":"","meta":[],"product_brand":[],"product_cat":[39,38],"product_tag":[],"class_list":{"0":"post-215","1":"product","2":"type-product","3":"status-publish","4":"has-post-thumbnail","6":"product_cat-nadrzwi","7":"product_cat-tabliczki","8":"product_shipping_class-a","10":"first","11":"instock","12":"shipping-taxable","13":"purchasable","14":"product-type-variable"},"_links":{"self":[{"href":"https:\/\/micodesign.pl\/index.php?rest_route=\/wp\/v2\/product\/215","targetHints":{"allow":["GET"]}}],"collection":[{"href":"https:\/\/micodesign.pl\/index.php?rest_route=\/wp\/v2\/product"}],"about":[{"href":"https:\/\/micodesign.pl\/index.php?rest_route=\/wp\/v2\/types\/product"}],"replies":[{"embeddable":true,"href":"https:\/\/micodesign.pl\/index.php?rest_route=%2Fwp%2Fv2%2Fcomments&post=215"}],"wp:featuredmedia":[{"embeddable":true,"href":"https:\/\/micodesign.pl\/index.php?rest_route=\/wp\/v2\/media\/220"}],"wp:attachment":[{"href":"https:\/\/micodesign.pl\/index.php?rest_route=%2Fwp%2Fv2%2Fmedia&parent=215"}],"wp:term":[{"taxonomy":"product_brand","embeddable":true,"href":"https:\/\/micodesign.pl\/index.php?rest_route=%2Fwp%2Fv2%2Fproduct_brand&post=215"},{"taxonomy":"product_cat","embeddable":true,"href":"https:\/\/micodesign.pl\/index.php?rest_route=%2Fwp%2Fv2%2Fproduct_cat&post=215"},{"taxonomy":"product_tag","embeddable":true,"href":"https:\/\/micodesign.pl\/index.php?rest_route=%2Fwp%2Fv2%2Fproduct_tag&post=215"}],"curies":[{"name":"wp","href":"https:\/\/api.w.org\/{rel}","templated":true}]}}