{"id":209,"date":"2025-04-18T19:06:05","date_gmt":"2025-04-18T19:06:05","guid":{"rendered":"https:\/\/micodesign.pl\/?post_type=product&#038;p=209"},"modified":"2026-02-22T11:43:55","modified_gmt":"2026-02-22T11:43:55","slug":"tabliczka-do-wystawiania-opinii-google","status":"publish","type":"product","link":"https:\/\/micodesign.pl\/?product=tabliczka-do-wystawiania-opinii-google","title":{"rendered":"Tabliczka do wystawiania opinii Google"},"content":{"rendered":"<h4 class=\"\" data-start=\"257\" data-end=\"330\">Zbieraj wi\u0119cej opinii Google dzi\u0119ki eleganckiej tabliczce z kodem QR<\/h4>\n<p class=\"\" data-start=\"332\" data-end=\"614\">Chcesz zwi\u0119kszy\u0107 liczb\u0119 opinii Google i wzmocni\u0107 wizerunek swojej firmy? Postaw na nowoczesn\u0105, eleganck\u0105 <strong data-start=\"437\" data-end=\"492\">tabliczk\u0119 z kodem QR do wystawiania opinii w Google<\/strong>. Dzi\u0119ki niej Twoi klienci z \u0142atwo\u015bci\u0105 zeskanuj\u0105 kod i natychmiast przejd\u0105 do formularza oceny na Twojej wizyt\u00f3wce Google.<\/p>\n<p class=\"\" data-start=\"616\" data-end=\"961\">\u2705 <strong data-start=\"618\" data-end=\"653\">Wysokiej jako\u015bci szk\u0142o akrylowe<\/strong> \u2013 czarny po\u0142ysk<br data-start=\"669\" data-end=\"672\" \/>\u2705 <strong data-start=\"674\" data-end=\"684\">Kod QR<\/strong> generowany indywidualnie \u2013 wystarczy, \u017ce prze\u015blesz link do swojej wizyt\u00f3wki Google<br data-start=\"767\" data-end=\"770\" \/>\u2705 <strong data-start=\"772\" data-end=\"796\">Nowoczesny nadruk UV<\/strong> \u2013 odporny na \u015bcieranie i warunki atmosferyczne<br data-start=\"843\" data-end=\"846\" \/>\u2705 <strong data-start=\"848\" data-end=\"859\">Wymiary<\/strong>: wysoko\u015b\u0107 11 cm | szeroko\u015b\u0107 8 cm<br data-start=\"892\" data-end=\"895\" \/>\u2705 <strong data-start=\"897\" data-end=\"914\">Stoj\u0105ca forma<\/strong> \u2013 idealna na lad\u0119, recepcj\u0119, biurko lub stolik<\/p>\n<h3 class=\"\" data-start=\"963\" data-end=\"982\">Dlaczego warto?<\/h3>\n<p class=\"\" data-start=\"984\" data-end=\"1248\">\ud83d\udd38 <strong data-start=\"987\" data-end=\"1032\">Wi\u0119cej opinii = wi\u0119ksze zaufanie klient\u00f3w<\/strong><br data-start=\"1032\" data-end=\"1035\" \/>\ud83d\udd38 <strong data-start=\"1038\" data-end=\"1101\">Wi\u0119ksza widoczno\u015b\u0107 w Google i lepsze pozycjonowanie lokalne<\/strong><br data-start=\"1101\" data-end=\"1104\" \/>\ud83d\udd38 <strong data-start=\"1107\" data-end=\"1128\">Intuicyjne u\u017cycie<\/strong> \u2013 wystarczy zeskanowa\u0107 kod QR<br data-start=\"1158\" data-end=\"1161\" \/>\ud83d\udd38 <strong data-start=\"1164\" data-end=\"1188\">Profesjonalny wygl\u0105d<\/strong> \u2013 idealny do biura, salonu, kliniki, sklepu czy restauracji<\/p>\n<p class=\"\" data-start=\"1250\" data-end=\"1437\">Nasza <strong data-start=\"1256\" data-end=\"1287\">tabliczka Google z kodem QR<\/strong> to po\u0142\u0105czenie funkcjonalno\u015bci i estetyki. Dzi\u0119ki niej zwi\u0119kszysz liczb\u0119 pozytywnych opinii, a Twoi klienci ch\u0119tniej wr\u00f3c\u0105 i polec\u0105 Twoj\u0105 firm\u0119 innym.<\/p>\n","protected":false},"excerpt":{"rendered":"<p>Tabliczka z kodem QR do wystawiania opinii Google. Elegancki czarny po\u0142ysk, druk UV, szk\u0142o akrylowe. Pomaga zbiera\u0107 wi\u0119cej opinii i budowa\u0107 zaufanie klient\u00f3w. Stoj\u0105cy format \u2013 idealny na lad\u0119, recepcj\u0119, do biura i lokalu.<\/p>\n<p>Istnieje mo\u017cliwo\u015b\u0107 wyposa\u017cenia tabliczki w<strong> chip NFC<\/strong> &#8211; umo\u017cliwiaj\u0105cy przekierowanie do miejsca wystawiania opinii tylko poprzez przybli\u017cenie telefonu z w\u0142\u0105czon\u0105 funkcj\u0105 NFC.<\/p>\n","protected":false},"featured_media":280,"comment_status":"open","ping_status":"closed","template":"","meta":[],"product_brand":[],"product_cat":[41,38],"product_tag":[],"class_list":{"0":"post-209","1":"product","2":"type-product","3":"status-publish","4":"has-post-thumbnail","6":"product_cat-social-media","7":"product_cat-tabliczki","8":"product_shipping_class-a","10":"first","11":"instock","12":"shipping-taxable","13":"purchasable","14":"product-type-variable"},"_links":{"self":[{"href":"https:\/\/micodesign.pl\/index.php?rest_route=\/wp\/v2\/product\/209","targetHints":{"allow":["GET"]}}],"collection":[{"href":"https:\/\/micodesign.pl\/index.php?rest_route=\/wp\/v2\/product"}],"about":[{"href":"https:\/\/micodesign.pl\/index.php?rest_route=\/wp\/v2\/types\/product"}],"replies":[{"embeddable":true,"href":"https:\/\/micodesign.pl\/index.php?rest_route=%2Fwp%2Fv2%2Fcomments&post=209"}],"wp:featuredmedia":[{"embeddable":true,"href":"https:\/\/micodesign.pl\/index.php?rest_route=\/wp\/v2\/media\/280"}],"wp:attachment":[{"href":"https:\/\/micodesign.pl\/index.php?rest_route=%2Fwp%2Fv2%2Fmedia&parent=209"}],"wp:term":[{"taxonomy":"product_brand","embeddable":true,"href":"https:\/\/micodesign.pl\/index.php?rest_route=%2Fwp%2Fv2%2Fproduct_brand&post=209"},{"taxonomy":"product_cat","embeddable":true,"href":"https:\/\/micodesign.pl\/index.php?rest_route=%2Fwp%2Fv2%2Fproduct_cat&post=209"},{"taxonomy":"product_tag","embeddable":true,"href":"https:\/\/micodesign.pl\/index.php?rest_route=%2Fwp%2Fv2%2Fproduct_tag&post=209"}],"curies":[{"name":"wp","href":"https:\/\/api.w.org\/{rel}","templated":true}]}}