{"id":132,"date":"2024-10-17T18:29:51","date_gmt":"2024-10-17T18:29:51","guid":{"rendered":"https:\/\/micodesign.pl\/?post_type=product&#038;p=132"},"modified":"2025-04-19T19:20:22","modified_gmt":"2025-04-19T19:20:22","slug":"znicz-solarny-ze-zdjeciem","status":"publish","type":"product","link":"https:\/\/micodesign.pl\/?product=znicz-solarny-ze-zdjeciem","title":{"rendered":"Znicz solarny ze zdj\u0119ciem"},"content":{"rendered":"<h2>PODSTAWKA POD ZNICZ + ZNICZ SOLARNY<\/h2>\n<h2>Z TWOJ\u0104 DEDYKACJ\u0104 oraz ZDJ\u0118CIEM<\/h2>\n<p>Ka\u017cdy z nas pragnie upami\u0119tni\u0107 swoich bliskich w wyj\u0105tkowy spos\u00f3b. Nasza oferta to elegancka podstawka \/ statuetka wykonana ze szk\u0142a akrylowego, wraz ze zniczem solarnym oraz unikalnym nadrukiem z wybran\u0105 przez Ciebie dedykacj\u0105. Ciekawym dodatkiem jest r\u00f3wnie\u017c zdj\u0119cie umieszczone na g\u00f3rnej cz\u0119\u015bci produktu.<\/p>\n<p><b>Wymiary podstawy:\u00a0<\/b>27 x\u00a0 14 cm<\/p>\n<p><b>Wysoko\u015b\u0107:\u00a0<\/b>16 cm<\/p>\n<h2>U NAS MO\u017bESZ WYBRA\u0106 DOWOLNY NAPIS<\/h2>\n<p>Nie sprzedajemy magazynowych gotowc\u00f3w z Chin, tylko oryginalne produkty, wykonywane bezpo\u015brednio u nas. Jeste\u015bmy producentem!<\/p>\n","protected":false},"excerpt":{"rendered":"<p>PODSTAWKA POD ZNICZ + ZNICZ SOLARNY Z TWOJ\u0104 DEDYKACJ\u0104 oraz ZDJ\u0118CIEM Ka\u017cdy z nas pragnie upami\u0119tni\u0107 swoich bliskich w wyj\u0105tkowy spos\u00f3b. Nasza oferta to elegancka podstawka \/ statuetka wykonana ze szk\u0142a akrylowego, wraz ze zniczem solarnym oraz unikalnym nadrukiem z wybran\u0105 przez Ciebie dedykacj\u0105. Ciekawym dodatkiem jest r\u00f3wnie\u017c zdj\u0119cie umieszczone na g\u00f3rnej cz\u0119\u015bci produktu. Wymiary &hellip; <\/p>\n","protected":false},"featured_media":168,"comment_status":"open","ping_status":"closed","template":"","meta":[],"product_brand":[],"product_cat":[15],"product_tag":[],"class_list":{"0":"post-132","1":"product","2":"type-product","3":"status-publish","4":"has-post-thumbnail","6":"product_cat-bez-kategorii","7":"product_shipping_class-c","9":"first","10":"onbackorder","11":"shipping-taxable","12":"purchasable","13":"product-type-simple"},"_links":{"self":[{"href":"https:\/\/micodesign.pl\/index.php?rest_route=\/wp\/v2\/product\/132","targetHints":{"allow":["GET"]}}],"collection":[{"href":"https:\/\/micodesign.pl\/index.php?rest_route=\/wp\/v2\/product"}],"about":[{"href":"https:\/\/micodesign.pl\/index.php?rest_route=\/wp\/v2\/types\/product"}],"replies":[{"embeddable":true,"href":"https:\/\/micodesign.pl\/index.php?rest_route=%2Fwp%2Fv2%2Fcomments&post=132"}],"wp:featuredmedia":[{"embeddable":true,"href":"https:\/\/micodesign.pl\/index.php?rest_route=\/wp\/v2\/media\/168"}],"wp:attachment":[{"href":"https:\/\/micodesign.pl\/index.php?rest_route=%2Fwp%2Fv2%2Fmedia&parent=132"}],"wp:term":[{"taxonomy":"product_brand","embeddable":true,"href":"https:\/\/micodesign.pl\/index.php?rest_route=%2Fwp%2Fv2%2Fproduct_brand&post=132"},{"taxonomy":"product_cat","embeddable":true,"href":"https:\/\/micodesign.pl\/index.php?rest_route=%2Fwp%2Fv2%2Fproduct_cat&post=132"},{"taxonomy":"product_tag","embeddable":true,"href":"https:\/\/micodesign.pl\/index.php?rest_route=%2Fwp%2Fv2%2Fproduct_tag&post=132"}],"curies":[{"name":"wp","href":"https:\/\/api.w.org\/{rel}","templated":true}]}}